{"id":1977,"date":"2019-09-18T18:06:01","date_gmt":"2019-09-18T18:06:01","guid":{"rendered":"https:\/\/www.legalcert.al\/?page_id=1977"},"modified":"2022-03-24T13:11:00","modified_gmt":"2022-03-24T13:11:00","slug":"iso-iec-standard-certification","status":"publish","type":"page","link":"https:\/\/www.legalcert.al\/al\/iso-iec-standard-certification\/","title":{"rendered":"ISO Standard Certification"},"content":{"rendered":"<div data-elementor-type=\"wp-page\" data-elementor-id=\"1977\" class=\"elementor elementor-1977\">\n\t\t\t\t\t\t<section class=\"elementor-section elementor-top-section elementor-element elementor-element-19f8cdab elementor-section-boxed elementor-section-height-default elementor-section-height-default\" data-id=\"19f8cdab\" data-element_type=\"section\">\n\t\t\t\t\t\t<div class=\"elementor-container elementor-column-gap-default\">\n\t\t\t\t\t<div class=\"elementor-column elementor-col-100 elementor-top-column elementor-element elementor-element-450958ce\" data-id=\"450958ce\" data-element_type=\"column\">\n\t\t\t<div class=\"elementor-widget-wrap elementor-element-populated\">\n\t\t\t\t\t\t<div class=\"elementor-element elementor-element-c37d6a6 elementor-arrows-position-inside elementor-pagination-position-outside elementor-widget elementor-widget-image-carousel\" data-id=\"c37d6a6\" data-element_type=\"widget\" data-settings=\"{&quot;navigation&quot;:&quot;both&quot;,&quot;autoplay&quot;:&quot;yes&quot;,&quot;pause_on_hover&quot;:&quot;yes&quot;,&quot;pause_on_interaction&quot;:&quot;yes&quot;,&quot;autoplay_speed&quot;:5000,&quot;infinite&quot;:&quot;yes&quot;,&quot;speed&quot;:500}\" data-widget_type=\"image-carousel.default\">\n\t\t\t\t<div class=\"elementor-widget-container\">\n\t\t\t\t\t\t\t<div class=\"elementor-image-carousel-wrapper swiper\" role=\"region\" aria-roledescription=\"carousel\" aria-label=\"Image Carousel\" dir=\"ltr\" data-no-translation-aria-label=\"\">\n\t\t\t<div class=\"elementor-image-carousel swiper-wrapper\" aria-live=\"off\">\n\t\t\t\t\t\t\t\t<div class=\"swiper-slide\" role=\"group\" aria-roledescription=\"slide\" aria-label=\"1 of 7\" data-no-translation-aria-label=\"\"><figure class=\"swiper-slide-inner\"><img decoding=\"async\" loading=\"lazy\" class=\"swiper-slide-image\" src=\"https:\/\/www.legalcert.al\/wp-content\/uploads\/2019\/05\/97-768x404.png\" alt=\"97\" \/><\/figure><\/div><div class=\"swiper-slide\" role=\"group\" aria-roledescription=\"slide\" aria-label=\"2 of 7\" data-no-translation-aria-label=\"\"><figure class=\"swiper-slide-inner\"><img decoding=\"async\" loading=\"lazy\" class=\"swiper-slide-image\" src=\"https:\/\/www.legalcert.al\/wp-content\/uploads\/2018\/12\/22.png\" alt=\"22\" \/><\/figure><\/div><div class=\"swiper-slide\" role=\"group\" aria-roledescription=\"slide\" aria-label=\"3 of 7\" data-no-translation-aria-label=\"\"><figure class=\"swiper-slide-inner\"><img decoding=\"async\" loading=\"lazy\" class=\"swiper-slide-image\" src=\"https:\/\/www.legalcert.al\/wp-content\/uploads\/2019\/03\/45a-768x384.png\" alt=\"45a\" \/><\/figure><\/div><div class=\"swiper-slide\" role=\"group\" aria-roledescription=\"slide\" aria-label=\"4 of 7\" data-no-translation-aria-label=\"\"><figure class=\"swiper-slide-inner\"><img decoding=\"async\" loading=\"lazy\" class=\"swiper-slide-image\" src=\"https:\/\/www.legalcert.al\/wp-content\/uploads\/2018\/12\/33-768x426.png\" alt=\"33\" \/><\/figure><\/div><div class=\"swiper-slide\" role=\"group\" aria-roledescription=\"slide\" aria-label=\"5 of 7\" data-no-translation-aria-label=\"\"><figure class=\"swiper-slide-inner\"><img decoding=\"async\" loading=\"lazy\" class=\"swiper-slide-image\" src=\"https:\/\/www.legalcert.al\/wp-content\/uploads\/2019\/09\/93-768x326.png\" alt=\"93\" \/><\/figure><\/div><div class=\"swiper-slide\" role=\"group\" aria-roledescription=\"slide\" aria-label=\"6 of 7\" data-no-translation-aria-label=\"\"><figure class=\"swiper-slide-inner\"><img decoding=\"async\" loading=\"lazy\" class=\"swiper-slide-image\" src=\"https:\/\/www.legalcert.al\/wp-content\/uploads\/2018\/12\/8-768x426.png\" alt=\"8\" \/><\/figure><\/div><div class=\"swiper-slide\" role=\"group\" aria-roledescription=\"slide\" aria-label=\"7 of 7\" data-no-translation-aria-label=\"\"><figure class=\"swiper-slide-inner\"><img decoding=\"async\" loading=\"lazy\" class=\"swiper-slide-image\" src=\"https:\/\/www.legalcert.al\/wp-content\/uploads\/2022\/02\/37001logo.jpg\" alt=\"37001logo\" \/><\/figure><\/div>\t\t\t<\/div>\n\t\t\t\t\t\t\t\t\t\t\t\t<div class=\"elementor-swiper-button elementor-swiper-button-prev\" role=\"button\" tabindex=\"0\">\n\t\t\t\t\t\t<i aria-hidden=\"true\" class=\"eicon-chevron-left\"><\/i>\t\t\t\t\t<\/div>\n\t\t\t\t\t<div class=\"elementor-swiper-button elementor-swiper-button-next\" role=\"button\" tabindex=\"0\">\n\t\t\t\t\t\t<i aria-hidden=\"true\" class=\"eicon-chevron-right\"><\/i>\t\t\t\t\t<\/div>\n\t\t\t\t\n\t\t\t\t\t\t\t\t\t<div class=\"swiper-pagination\"><\/div>\n\t\t\t\t\t\t\t\t\t<\/div>\n\t\t\t\t\t\t<\/div>\n\t\t\t\t<\/div>\n\t\t\t\t\t<\/div>\n\t\t<\/div>\n\t\t\t\t\t<\/div>\n\t\t<\/section>\n\t\t\t\t<section class=\"elementor-section elementor-top-section elementor-element elementor-element-ccce0c7 elementor-section-boxed elementor-section-height-default elementor-section-height-default\" data-id=\"ccce0c7\" data-element_type=\"section\">\n\t\t\t\t\t\t<div class=\"elementor-container elementor-column-gap-default\">\n\t\t\t\t\t<div class=\"elementor-column elementor-col-100 elementor-top-column elementor-element elementor-element-5b949d7\" data-id=\"5b949d7\" data-element_type=\"column\">\n\t\t\t<div class=\"elementor-widget-wrap elementor-element-populated\">\n\t\t\t\t\t\t<div class=\"elementor-element elementor-element-1dc889b elementor-widget elementor-widget-text-editor\" data-id=\"1dc889b\" data-element_type=\"widget\" data-widget_type=\"text-editor.default\">\n\t\t\t\t<div class=\"elementor-widget-container\">\n\t\t\t\t\t\t\t\t\t<div><span lang=\"en\" style=\"font-size: inherit;\">\u00a0 \u00a0 \u00a0<\/span><span style=\"font-size: inherit;\">Ne ofrojm\u00eb sherbime t\u00eb vleresimit t\u00eb konformitetit per Sistemeve t\u00eb Menaxhimit n\u00eb perputhje me standardet ISO. Legal Cert eshte e specializuar n\u00eb Vler\u00ebsimin, Auditimin dhe certifikimin e Sistemeve t\u00eb Menaxhimit sipas Standardeve Kombetare dhe Nderkombetare t\u00eb perdorura gjer\u00ebsisht ne te gjithe sektoret e tregut.<\/span><\/div>\t\t\t\t\t\t\t\t<\/div>\n\t\t\t\t<\/div>\n\t\t\t\t\t<\/div>\n\t\t<\/div>\n\t\t\t\t\t<\/div>\n\t\t<\/section>\n\t\t\t\t<section class=\"elementor-section elementor-top-section elementor-element elementor-element-cafb0e8 elementor-section-boxed elementor-section-height-default elementor-section-height-default\" data-id=\"cafb0e8\" data-element_type=\"section\">\n\t\t\t\t\t\t<div class=\"elementor-container elementor-column-gap-default\">\n\t\t\t\t\t<div class=\"elementor-column elementor-col-100 elementor-top-column elementor-element elementor-element-29a68db\" data-id=\"29a68db\" data-element_type=\"column\">\n\t\t\t<div class=\"elementor-widget-wrap elementor-element-populated\">\n\t\t\t\t\t\t<div class=\"elementor-element elementor-element-19d331f elementor-widget elementor-widget-text-editor\" data-id=\"19d331f\" data-element_type=\"widget\" data-widget_type=\"text-editor.default\">\n\t\t\t\t<div class=\"elementor-widget-container\">\n\t\t\t\t\t\t\t\t\t<h5><span style=\"color: #003366;\"><strong>Certifikimet<\/strong><\/span><\/h5><p><span style=\"text-decoration: underline;\"><strong style=\"font-size: inherit; font-family: Helvetica, sans-serif;\"><a href=\"https:\/\/www.legalcert.al\/al\/iso9001\/\">ISO 9001 MENAXHIMI I CIL\u00cbSIS\u00cb<\/a><\/strong><\/span><\/p><p><span style=\"text-decoration: underline;\"><strong style=\"font-size: inherit;\"><a href=\"https:\/\/www.legalcert.al\/al\/iso27001\/\">ISO 27001 SIGURIA E INFORMACIONIT<\/a><\/strong><\/span><\/p><p><strong style=\"font-size: inherit;\"><span style=\"text-decoration: underline;\"><a href=\"https:\/\/www.legalcert.al\/al\/iso14001\/\">ISO 14001 MENAXHIMI I MJEDISIT<\/a><\/span><\/strong><\/p><p><span style=\"text-decoration: underline;\"><strong style=\"font-size: inherit;\"><a href=\"https:\/\/www.legalcert.al\/al\/iso45001\/\">ISO 45001 SHENDETI DHE SIGURIA NE PUNE<\/a><\/strong><\/span><\/p><p><span style=\"text-decoration: underline;\"><strong style=\"font-size: inherit;\"><a href=\"https:\/\/www.legalcert.al\/al\/iso-37001-ant-bribery-management-systems\/\">ISO 37001 ANTI BRIBERY MANAGEMENT SYSTEMS<\/a><\/strong><\/span><\/p>\t\t\t\t\t\t\t\t<\/div>\n\t\t\t\t<\/div>\n\t\t\t\t\t<\/div>\n\t\t<\/div>\n\t\t\t\t\t<\/div>\n\t\t<\/section>\n\t\t\t\t<\/div>","protected":false},"excerpt":{"rendered":"<p>Previous Next \u00a0 \u00a0 \u00a0We offer conformity assessment sevices for management systems in accordance with ISO Standard. Legal Cert is specializes in Evaluation, Auditing, and Certification of Management Systems according to the most widely used national and International Standards in all market sectors. All Certifications ISO 9001 QUALITY MANAGEMENT ISO [&hellip;]<\/p>","protected":false},"author":1,"featured_media":0,"parent":0,"menu_order":0,"comment_status":"closed","ping_status":"closed","template":"","meta":{"nf_dc_page":"","_themeisle_gutenberg_block_has_review":false,"footnotes":""},"class_list":["post-1977","page","type-page","status-publish","hentry"],"yoast_head":"<!-- This site is optimized with the Yoast SEO plugin v27.2 - https:\/\/yoast.com\/product\/yoast-seo-wordpress\/ -->\n<title>ISO Standard Certification - Legal Cert<\/title>\n<meta name=\"robots\" content=\"index, follow, max-snippet:-1, max-image-preview:large, max-video-preview:-1\" \/>\n<link rel=\"canonical\" href=\"https:\/\/www.legalcert.al\/al\/iso-iec-standard-certification\/\" \/>\n<meta property=\"og:locale\" content=\"sq_AL\" \/>\n<meta property=\"og:type\" content=\"article\" \/>\n<meta property=\"og:title\" content=\"ISO Standard Certification - Legal Cert\" \/>\n<meta property=\"og:description\" content=\"Previous Next \u00a0 \u00a0 \u00a0We offer conformity assessment sevices for management systems in accordance with ISO Standard. Legal Cert is specializes in Evaluation, Auditing, and Certification of Management Systems according to the most widely used national and International Standards in all market sectors. All Certifications ISO 9001 QUALITY MANAGEMENT ISO [&hellip;]\" \/>\n<meta property=\"og:url\" content=\"https:\/\/www.legalcert.al\/al\/iso-iec-standard-certification\/\" \/>\n<meta property=\"og:site_name\" content=\"Legal Cert\" \/>\n<meta property=\"article:modified_time\" content=\"2022-03-24T13:11:00+00:00\" \/>\n<meta property=\"og:image\" content=\"https:\/\/www.legalcert.al\/wp-content\/uploads\/2019\/05\/97-768x404.png\" \/>\n<meta name=\"twitter:card\" content=\"summary_large_image\" \/>\n<script type=\"application\/ld+json\" class=\"yoast-schema-graph\">{\"@context\":\"https:\/\/schema.org\",\"@graph\":[{\"@type\":\"WebPage\",\"@id\":\"https:\/\/www.legalcert.al\/iso-iec-standard-certification\/\",\"url\":\"https:\/\/www.legalcert.al\/iso-iec-standard-certification\/\",\"name\":\"ISO Standard Certification - Legal Cert\",\"isPartOf\":{\"@id\":\"https:\/\/www.legalcert.al\/#website\"},\"primaryImageOfPage\":{\"@id\":\"https:\/\/www.legalcert.al\/iso-iec-standard-certification\/#primaryimage\"},\"image\":{\"@id\":\"https:\/\/www.legalcert.al\/iso-iec-standard-certification\/#primaryimage\"},\"thumbnailUrl\":\"https:\/\/www.legalcert.al\/wp-content\/uploads\/2019\/05\/97-768x404.png\",\"datePublished\":\"2019-09-18T18:06:01+00:00\",\"dateModified\":\"2022-03-24T13:11:00+00:00\",\"breadcrumb\":{\"@id\":\"https:\/\/www.legalcert.al\/iso-iec-standard-certification\/#breadcrumb\"},\"inLanguage\":\"sq\",\"potentialAction\":[{\"@type\":\"ReadAction\",\"target\":[\"https:\/\/www.legalcert.al\/iso-iec-standard-certification\/\"]}]},{\"@type\":\"ImageObject\",\"inLanguage\":\"sq\",\"@id\":\"https:\/\/www.legalcert.al\/iso-iec-standard-certification\/#primaryimage\",\"url\":\"https:\/\/www.legalcert.al\/wp-content\/uploads\/2019\/05\/97-768x404.png\",\"contentUrl\":\"https:\/\/www.legalcert.al\/wp-content\/uploads\/2019\/05\/97-768x404.png\"},{\"@type\":\"BreadcrumbList\",\"@id\":\"https:\/\/www.legalcert.al\/iso-iec-standard-certification\/#breadcrumb\",\"itemListElement\":[{\"@type\":\"ListItem\",\"position\":1,\"name\":\"Home\",\"item\":\"https:\/\/www.legalcert.al\/\"},{\"@type\":\"ListItem\",\"position\":2,\"name\":\"ISO Standard Certification\"}]},{\"@type\":\"WebSite\",\"@id\":\"https:\/\/www.legalcert.al\/#website\",\"url\":\"https:\/\/www.legalcert.al\/\",\"name\":\"Legal Cert\",\"description\":\"Legal Cert\",\"publisher\":{\"@id\":\"https:\/\/www.legalcert.al\/#organization\"},\"potentialAction\":[{\"@type\":\"SearchAction\",\"target\":{\"@type\":\"EntryPoint\",\"urlTemplate\":\"https:\/\/www.legalcert.al\/?s={search_term_string}\"},\"query-input\":{\"@type\":\"PropertyValueSpecification\",\"valueRequired\":true,\"valueName\":\"search_term_string\"}}],\"inLanguage\":\"sq\"},{\"@type\":\"Organization\",\"@id\":\"https:\/\/www.legalcert.al\/#organization\",\"name\":\"Legal cert\",\"url\":\"https:\/\/www.legalcert.al\/\",\"logo\":{\"@type\":\"ImageObject\",\"inLanguage\":\"sq\",\"@id\":\"https:\/\/www.legalcert.al\/#\/schema\/logo\/image\/\",\"url\":\"https:\/\/www.legalcert.al\/wp-content\/uploads\/2019\/04\/logo.png\",\"contentUrl\":\"https:\/\/www.legalcert.al\/wp-content\/uploads\/2019\/04\/logo.png\",\"width\":151,\"height\":137,\"caption\":\"Legal cert\"},\"image\":{\"@id\":\"https:\/\/www.legalcert.al\/#\/schema\/logo\/image\/\"},\"sameAs\":[\"https:\/\/www.linkedin.com\/company\/53124968\/admin\/\"]}]}<\/script>\n<!-- \/ Yoast SEO plugin. -->","yoast_head_json":{"title":"ISO Standard Certification - Legal Cert","robots":{"index":"index","follow":"follow","max-snippet":"max-snippet:-1","max-image-preview":"max-image-preview:large","max-video-preview":"max-video-preview:-1"},"canonical":"https:\/\/www.legalcert.al\/al\/iso-iec-standard-certification\/","og_locale":"sq_AL","og_type":"article","og_title":"ISO Standard Certification - Legal Cert","og_description":"Previous Next \u00a0 \u00a0 \u00a0We offer conformity assessment sevices for management systems in accordance with ISO Standard. Legal Cert is specializes in Evaluation, Auditing, and Certification of Management Systems according to the most widely used national and International Standards in all market sectors. All Certifications ISO 9001 QUALITY MANAGEMENT ISO [&hellip;]","og_url":"https:\/\/www.legalcert.al\/al\/iso-iec-standard-certification\/","og_site_name":"Legal Cert","article_modified_time":"2022-03-24T13:11:00+00:00","og_image":[{"url":"https:\/\/www.legalcert.al\/wp-content\/uploads\/2019\/05\/97-768x404.png","type":"","width":"","height":""}],"twitter_card":"summary_large_image","schema":{"@context":"https:\/\/schema.org","@graph":[{"@type":"WebPage","@id":"https:\/\/www.legalcert.al\/iso-iec-standard-certification\/","url":"https:\/\/www.legalcert.al\/iso-iec-standard-certification\/","name":"ISO Standard Certification - Legal Cert","isPartOf":{"@id":"https:\/\/www.legalcert.al\/#website"},"primaryImageOfPage":{"@id":"https:\/\/www.legalcert.al\/iso-iec-standard-certification\/#primaryimage"},"image":{"@id":"https:\/\/www.legalcert.al\/iso-iec-standard-certification\/#primaryimage"},"thumbnailUrl":"https:\/\/www.legalcert.al\/wp-content\/uploads\/2019\/05\/97-768x404.png","datePublished":"2019-09-18T18:06:01+00:00","dateModified":"2022-03-24T13:11:00+00:00","breadcrumb":{"@id":"https:\/\/www.legalcert.al\/iso-iec-standard-certification\/#breadcrumb"},"inLanguage":"sq","potentialAction":[{"@type":"ReadAction","target":["https:\/\/www.legalcert.al\/iso-iec-standard-certification\/"]}]},{"@type":"ImageObject","inLanguage":"sq","@id":"https:\/\/www.legalcert.al\/iso-iec-standard-certification\/#primaryimage","url":"https:\/\/www.legalcert.al\/wp-content\/uploads\/2019\/05\/97-768x404.png","contentUrl":"https:\/\/www.legalcert.al\/wp-content\/uploads\/2019\/05\/97-768x404.png"},{"@type":"BreadcrumbList","@id":"https:\/\/www.legalcert.al\/iso-iec-standard-certification\/#breadcrumb","itemListElement":[{"@type":"ListItem","position":1,"name":"Home","item":"https:\/\/www.legalcert.al\/"},{"@type":"ListItem","position":2,"name":"ISO Standard Certification"}]},{"@type":"WebSite","@id":"https:\/\/www.legalcert.al\/#website","url":"https:\/\/www.legalcert.al\/","name":"Legal Cert","description":"Legal Cert","publisher":{"@id":"https:\/\/www.legalcert.al\/#organization"},"potentialAction":[{"@type":"SearchAction","target":{"@type":"EntryPoint","urlTemplate":"https:\/\/www.legalcert.al\/?s={search_term_string}"},"query-input":{"@type":"PropertyValueSpecification","valueRequired":true,"valueName":"search_term_string"}}],"inLanguage":"sq"},{"@type":"Organization","@id":"https:\/\/www.legalcert.al\/#organization","name":"Legal cert","url":"https:\/\/www.legalcert.al\/","logo":{"@type":"ImageObject","inLanguage":"sq","@id":"https:\/\/www.legalcert.al\/#\/schema\/logo\/image\/","url":"https:\/\/www.legalcert.al\/wp-content\/uploads\/2019\/04\/logo.png","contentUrl":"https:\/\/www.legalcert.al\/wp-content\/uploads\/2019\/04\/logo.png","width":151,"height":137,"caption":"Legal cert"},"image":{"@id":"https:\/\/www.legalcert.al\/#\/schema\/logo\/image\/"},"sameAs":["https:\/\/www.linkedin.com\/company\/53124968\/admin\/"]}]}},"_links":{"self":[{"href":"https:\/\/www.legalcert.al\/al\/wp-json\/wp\/v2\/pages\/1977","targetHints":{"allow":["GET"]}}],"collection":[{"href":"https:\/\/www.legalcert.al\/al\/wp-json\/wp\/v2\/pages"}],"about":[{"href":"https:\/\/www.legalcert.al\/al\/wp-json\/wp\/v2\/types\/page"}],"author":[{"embeddable":true,"href":"https:\/\/www.legalcert.al\/al\/wp-json\/wp\/v2\/users\/1"}],"replies":[{"embeddable":true,"href":"https:\/\/www.legalcert.al\/al\/wp-json\/wp\/v2\/comments?post=1977"}],"version-history":[{"count":22,"href":"https:\/\/www.legalcert.al\/al\/wp-json\/wp\/v2\/pages\/1977\/revisions"}],"predecessor-version":[{"id":3953,"href":"https:\/\/www.legalcert.al\/al\/wp-json\/wp\/v2\/pages\/1977\/revisions\/3953"}],"wp:attachment":[{"href":"https:\/\/www.legalcert.al\/al\/wp-json\/wp\/v2\/media?parent=1977"}],"curies":[{"name":"wp","href":"https:\/\/api.w.org\/{rel}","templated":true}]}}