{"id":2000,"date":"2019-09-18T18:43:38","date_gmt":"2019-09-18T18:43:38","guid":{"rendered":"https:\/\/www.legalcert.al\/?page_id=2000"},"modified":"2020-10-16T21:08:50","modified_gmt":"2020-10-16T21:08:50","slug":"training","status":"publish","type":"page","link":"https:\/\/www.legalcert.al\/al\/training\/","title":{"rendered":"Sh\u00ebrbime trajnimi"},"content":{"rendered":"<div data-elementor-type=\"wp-page\" data-elementor-id=\"2000\" class=\"elementor elementor-2000\">\n\t\t\t\t\t\t<section class=\"elementor-section elementor-top-section elementor-element elementor-element-e4c42a7 elementor-section-boxed elementor-section-height-default elementor-section-height-default\" data-id=\"e4c42a7\" data-element_type=\"section\">\n\t\t\t\t\t\t<div class=\"elementor-container elementor-column-gap-default\">\n\t\t\t\t\t<div class=\"elementor-column elementor-col-100 elementor-top-column elementor-element elementor-element-37a7a35\" data-id=\"37a7a35\" data-element_type=\"column\">\n\t\t\t<div class=\"elementor-widget-wrap elementor-element-populated\">\n\t\t\t\t\t\t<div class=\"elementor-element elementor-element-f92a045 elementor-arrows-position-inside elementor-pagination-position-outside elementor-widget elementor-widget-image-carousel\" data-id=\"f92a045\" data-element_type=\"widget\" data-settings=\"{&quot;navigation&quot;:&quot;both&quot;,&quot;autoplay&quot;:&quot;yes&quot;,&quot;pause_on_hover&quot;:&quot;yes&quot;,&quot;pause_on_interaction&quot;:&quot;yes&quot;,&quot;autoplay_speed&quot;:5000,&quot;infinite&quot;:&quot;yes&quot;,&quot;speed&quot;:500}\" data-widget_type=\"image-carousel.default\">\n\t\t\t\t<div class=\"elementor-widget-container\">\n\t\t\t\t\t\t\t<div class=\"elementor-image-carousel-wrapper swiper\" role=\"region\" aria-roledescription=\"carousel\" aria-label=\"Image Carousel\" dir=\"ltr\">\n\t\t\t<div class=\"elementor-image-carousel swiper-wrapper\" aria-live=\"off\">\n\t\t\t\t\t\t\t\t<div class=\"swiper-slide\" role=\"group\" aria-roledescription=\"slide\" aria-label=\"1 of 4\"><figure class=\"swiper-slide-inner\"><img decoding=\"async\" loading=\"lazy\" class=\"swiper-slide-image\" src=\"https:\/\/www.legalcert.al\/wp-content\/uploads\/2020\/10\/994-300x219.png\" alt=\"994\" \/><\/figure><\/div><div class=\"swiper-slide\" role=\"group\" aria-roledescription=\"slide\" aria-label=\"2 of 4\"><figure class=\"swiper-slide-inner\"><img decoding=\"async\" loading=\"lazy\" class=\"swiper-slide-image\" src=\"https:\/\/www.legalcert.al\/wp-content\/uploads\/2020\/10\/997-300x219.png\" alt=\"997\" \/><\/figure><\/div><div class=\"swiper-slide\" role=\"group\" aria-roledescription=\"slide\" aria-label=\"3 of 4\"><figure class=\"swiper-slide-inner\"><img decoding=\"async\" loading=\"lazy\" class=\"swiper-slide-image\" src=\"https:\/\/www.legalcert.al\/wp-content\/uploads\/2020\/10\/998-300x150.png\" alt=\"998\" \/><\/figure><\/div><div class=\"swiper-slide\" role=\"group\" aria-roledescription=\"slide\" aria-label=\"4 of 4\"><figure class=\"swiper-slide-inner\"><img decoding=\"async\" loading=\"lazy\" class=\"swiper-slide-image\" src=\"https:\/\/www.legalcert.al\/wp-content\/uploads\/2020\/10\/999-300x219.png\" alt=\"999\" \/><\/figure><\/div>\t\t\t<\/div>\n\t\t\t\t\t\t\t\t\t\t\t\t<div class=\"elementor-swiper-button elementor-swiper-button-prev\" role=\"button\" tabindex=\"0\">\n\t\t\t\t\t\t<i aria-hidden=\"true\" class=\"eicon-chevron-left\"><\/i>\t\t\t\t\t<\/div>\n\t\t\t\t\t<div class=\"elementor-swiper-button elementor-swiper-button-next\" role=\"button\" tabindex=\"0\">\n\t\t\t\t\t\t<i aria-hidden=\"true\" class=\"eicon-chevron-right\"><\/i>\t\t\t\t\t<\/div>\n\t\t\t\t\n\t\t\t\t\t\t\t\t\t<div class=\"swiper-pagination\"><\/div>\n\t\t\t\t\t\t\t\t\t<\/div>\n\t\t\t\t\t\t<\/div>\n\t\t\t\t<\/div>\n\t\t\t\t\t<\/div>\n\t\t<\/div>\n\t\t\t\t\t<\/div>\n\t\t<\/section>\n\t\t\t\t<section class=\"elementor-section elementor-top-section elementor-element elementor-element-d7e10c4 elementor-section-boxed elementor-section-height-default elementor-section-height-default\" data-id=\"d7e10c4\" data-element_type=\"section\">\n\t\t\t\t\t\t<div class=\"elementor-container elementor-column-gap-default\">\n\t\t\t\t\t<div class=\"elementor-column elementor-col-100 elementor-top-column elementor-element elementor-element-e596705\" data-id=\"e596705\" data-element_type=\"column\">\n\t\t\t<div class=\"elementor-widget-wrap elementor-element-populated\">\n\t\t\t\t\t\t<div class=\"elementor-element elementor-element-63c8b0b elementor-widget elementor-widget-text-editor\" data-id=\"63c8b0b\" data-element_type=\"widget\" data-widget_type=\"text-editor.default\">\n\t\t\t\t<div class=\"elementor-widget-container\">\n\t\t\t\t\t\t\t\t\t<p><span>Legal Cert ka nj\u00eb staf profesional dhe t\u00eb certifikuar nd\u00ebrkomb\u00ebtarisht n\u00eb ofrimin, organizimin dhe implementimin e moduleve t\u00eb ndryshme t\u00eb ngritjes s\u00eb kapaciteteve t\u00eb stafit t\u00eb bizneseve, institucionet qeveritare dhe organizatave te cdo sektori. Trajnimet  tona  ju ndihmon t\u00eb zhvilloni, zbatoni dhe p\u00ebrmir\u00ebsoni sistemet  e Standardeve t\u00eb Menaxhimit.  Ofrojme gjithashtu Programe Certifikimi Personeli per nj\u00eb gam\u00eb t\u00eb gjer\u00eb kursesh trajnimi n\u00eb fush\u00ebn e manaxhimit t\u00eb cil\u00ebsis\u00eb, sh\u00ebndetit dhe siguris\u00eb n\u00eb pun\u00eb, mjedisit,  sigurise se informacionit. Shumica e kurseve jan\u00eb t\u00eb disponueshme p\u00ebr prezantim edhe online sipas disponibilitet t\u00eb klientit.<\/span><\/p>\t\t\t\t\t\t\t\t<\/div>\n\t\t\t\t<\/div>\n\t\t\t\t\t<\/div>\n\t\t<\/div>\n\t\t\t\t\t<\/div>\n\t\t<\/section>\n\t\t\t\t<section class=\"elementor-section elementor-top-section elementor-element elementor-element-dcc3f7d elementor-section-boxed elementor-section-height-default elementor-section-height-default\" data-id=\"dcc3f7d\" data-element_type=\"section\">\n\t\t\t\t\t\t<div class=\"elementor-container elementor-column-gap-default\">\n\t\t\t\t\t<div class=\"elementor-column elementor-col-16 elementor-top-column elementor-element elementor-element-b0f3f1d\" data-id=\"b0f3f1d\" data-element_type=\"column\">\n\t\t\t<div class=\"elementor-widget-wrap elementor-element-populated\">\n\t\t\t\t\t\t<div class=\"elementor-element elementor-element-925ed3f elementor-view-default elementor-position-top elementor-mobile-position-top elementor-widget elementor-widget-icon-box\" data-id=\"925ed3f\" data-element_type=\"widget\" data-widget_type=\"icon-box.default\">\n\t\t\t\t<div class=\"elementor-widget-container\">\n\t\t\t\t\t\t\t<div class=\"elementor-icon-box-wrapper\">\n\n\t\t\t\t\t\t<div class=\"elementor-icon-box-icon\">\n\t\t\t\t<span  class=\"elementor-icon\">\n\t\t\t\t<i aria-hidden=\"true\" class=\"fas fa-star\"><\/i>\t\t\t\t<\/span>\n\t\t\t<\/div>\n\t\t\t\n\t\t\t\t\t\t<div class=\"elementor-icon-box-content\">\n\n\t\t\t\t\t\t\t\t\t<span class=\"elementor-icon-box-title\">\n\t\t\t\t\t\t<span  >\n\t\t\t\t\t\t\tPrograme Kualifikimi Auditor\t\t\t\t\t\t<\/span>\n\t\t\t\t\t<\/span>\n\t\t\t\t\n\t\t\t\t\t\t\t\t\t<p class=\"elementor-icon-box-description\">\n\t\t\t\t\t\tISO 9001:2015\t\t\t\t\t<\/p>\n\t\t\t\t\n\t\t\t<\/div>\n\t\t\t\n\t\t<\/div>\n\t\t\t\t\t\t<\/div>\n\t\t\t\t<\/div>\n\t\t\t\t\t<\/div>\n\t\t<\/div>\n\t\t\t\t<div class=\"elementor-column elementor-col-16 elementor-top-column elementor-element elementor-element-6d200a4\" data-id=\"6d200a4\" data-element_type=\"column\">\n\t\t\t<div class=\"elementor-widget-wrap elementor-element-populated\">\n\t\t\t\t\t\t<div class=\"elementor-element elementor-element-ca01d89 elementor-view-default elementor-position-top elementor-mobile-position-top elementor-widget elementor-widget-icon-box\" data-id=\"ca01d89\" data-element_type=\"widget\" data-widget_type=\"icon-box.default\">\n\t\t\t\t<div class=\"elementor-widget-container\">\n\t\t\t\t\t\t\t<div class=\"elementor-icon-box-wrapper\">\n\n\t\t\t\t\t\t<div class=\"elementor-icon-box-icon\">\n\t\t\t\t<span  class=\"elementor-icon\">\n\t\t\t\t<i aria-hidden=\"true\" class=\"fas fa-star\"><\/i>\t\t\t\t<\/span>\n\t\t\t<\/div>\n\t\t\t\n\t\t\t\t\t\t<div class=\"elementor-icon-box-content\">\n\n\t\t\t\t\t\t\t\t\t<span class=\"elementor-icon-box-title\">\n\t\t\t\t\t\t<span  >\n\t\t\t\t\t\t\tPrograme Kualifikimi Auditor\t\t\t\t\t\t<\/span>\n\t\t\t\t\t<\/span>\n\t\t\t\t\n\t\t\t\t\t\t\t\t\t<p class=\"elementor-icon-box-description\">\n\t\t\t\t\t\tISO 27001:2013\t\t\t\t\t<\/p>\n\t\t\t\t\n\t\t\t<\/div>\n\t\t\t\n\t\t<\/div>\n\t\t\t\t\t\t<\/div>\n\t\t\t\t<\/div>\n\t\t\t\t\t<\/div>\n\t\t<\/div>\n\t\t\t\t<div class=\"elementor-column elementor-col-16 elementor-top-column elementor-element elementor-element-c7d0abc\" data-id=\"c7d0abc\" data-element_type=\"column\">\n\t\t\t<div class=\"elementor-widget-wrap elementor-element-populated\">\n\t\t\t\t\t\t<div class=\"elementor-element elementor-element-519e9b7 elementor-view-default elementor-position-top elementor-mobile-position-top elementor-widget elementor-widget-icon-box\" data-id=\"519e9b7\" data-element_type=\"widget\" data-widget_type=\"icon-box.default\">\n\t\t\t\t<div class=\"elementor-widget-container\">\n\t\t\t\t\t\t\t<div class=\"elementor-icon-box-wrapper\">\n\n\t\t\t\t\t\t<div class=\"elementor-icon-box-icon\">\n\t\t\t\t<span  class=\"elementor-icon\">\n\t\t\t\t<i aria-hidden=\"true\" class=\"fas fa-star\"><\/i>\t\t\t\t<\/span>\n\t\t\t<\/div>\n\t\t\t\n\t\t\t\t\t\t<div class=\"elementor-icon-box-content\">\n\n\t\t\t\t\t\t\t\t\t<span class=\"elementor-icon-box-title\">\n\t\t\t\t\t\t<span  >\n\t\t\t\t\t\t\tPrograme Kualifikimi Auditor\t\t\t\t\t\t<\/span>\n\t\t\t\t\t<\/span>\n\t\t\t\t\n\t\t\t\t\t\t\t\t\t<p class=\"elementor-icon-box-description\">\n\t\t\t\t\t\tISO 14001:2015\t\t\t\t\t<\/p>\n\t\t\t\t\n\t\t\t<\/div>\n\t\t\t\n\t\t<\/div>\n\t\t\t\t\t\t<\/div>\n\t\t\t\t<\/div>\n\t\t\t\t\t<\/div>\n\t\t<\/div>\n\t\t\t\t<div class=\"elementor-column elementor-col-16 elementor-top-column elementor-element elementor-element-aedcaea\" data-id=\"aedcaea\" data-element_type=\"column\">\n\t\t\t<div class=\"elementor-widget-wrap elementor-element-populated\">\n\t\t\t\t\t\t<div class=\"elementor-element elementor-element-16c2bca elementor-view-default elementor-position-top elementor-mobile-position-top elementor-widget elementor-widget-icon-box\" data-id=\"16c2bca\" data-element_type=\"widget\" data-widget_type=\"icon-box.default\">\n\t\t\t\t<div class=\"elementor-widget-container\">\n\t\t\t\t\t\t\t<div class=\"elementor-icon-box-wrapper\">\n\n\t\t\t\t\t\t<div class=\"elementor-icon-box-icon\">\n\t\t\t\t<span  class=\"elementor-icon\">\n\t\t\t\t<i aria-hidden=\"true\" class=\"fas fa-star\"><\/i>\t\t\t\t<\/span>\n\t\t\t<\/div>\n\t\t\t\n\t\t\t\t\t\t<div class=\"elementor-icon-box-content\">\n\n\t\t\t\t\t\t\t\t\t<span class=\"elementor-icon-box-title\">\n\t\t\t\t\t\t<span  >\n\t\t\t\t\t\t\tPrograme Kualifikimi Auditor\t\t\t\t\t\t<\/span>\n\t\t\t\t\t<\/span>\n\t\t\t\t\n\t\t\t\t\t\t\t\t\t<p class=\"elementor-icon-box-description\">\n\t\t\t\t\t\tISO 45001:2018\t\t\t\t\t<\/p>\n\t\t\t\t\n\t\t\t<\/div>\n\t\t\t\n\t\t<\/div>\n\t\t\t\t\t\t<\/div>\n\t\t\t\t<\/div>\n\t\t\t\t\t<\/div>\n\t\t<\/div>\n\t\t\t\t<div class=\"elementor-column elementor-col-16 elementor-top-column elementor-element elementor-element-1766f55\" data-id=\"1766f55\" data-element_type=\"column\">\n\t\t\t<div class=\"elementor-widget-wrap elementor-element-populated\">\n\t\t\t\t\t\t<div class=\"elementor-element elementor-element-815e7b7 elementor-view-default elementor-position-top elementor-mobile-position-top elementor-widget elementor-widget-icon-box\" data-id=\"815e7b7\" data-element_type=\"widget\" data-widget_type=\"icon-box.default\">\n\t\t\t\t<div class=\"elementor-widget-container\">\n\t\t\t\t\t\t\t<div class=\"elementor-icon-box-wrapper\">\n\n\t\t\t\t\t\t<div class=\"elementor-icon-box-icon\">\n\t\t\t\t<span  class=\"elementor-icon\">\n\t\t\t\t<i aria-hidden=\"true\" class=\"fas fa-star\"><\/i>\t\t\t\t<\/span>\n\t\t\t<\/div>\n\t\t\t\n\t\t\t\t\t\t<div class=\"elementor-icon-box-content\">\n\n\t\t\t\t\t\t\t\t\t<span class=\"elementor-icon-box-title\">\n\t\t\t\t\t\t<span  >\n\t\t\t\t\t\t\tPrograme Kualifikimi Auditor\t\t\t\t\t\t<\/span>\n\t\t\t\t\t<\/span>\n\t\t\t\t\n\t\t\t\t\t\t\t\t\t<p class=\"elementor-icon-box-description\">\n\t\t\t\t\t\tISO 17021:2015\t\t\t\t\t<\/p>\n\t\t\t\t\n\t\t\t<\/div>\n\t\t\t\n\t\t<\/div>\n\t\t\t\t\t\t<\/div>\n\t\t\t\t<\/div>\n\t\t\t\t\t<\/div>\n\t\t<\/div>\n\t\t\t\t<div class=\"elementor-column elementor-col-16 elementor-top-column elementor-element elementor-element-e977d08\" data-id=\"e977d08\" data-element_type=\"column\">\n\t\t\t<div class=\"elementor-widget-wrap elementor-element-populated\">\n\t\t\t\t\t\t<div class=\"elementor-element elementor-element-7428657 elementor-view-default elementor-position-top elementor-mobile-position-top elementor-widget elementor-widget-icon-box\" data-id=\"7428657\" data-element_type=\"widget\" data-widget_type=\"icon-box.default\">\n\t\t\t\t<div class=\"elementor-widget-container\">\n\t\t\t\t\t\t\t<div class=\"elementor-icon-box-wrapper\">\n\n\t\t\t\t\t\t<div class=\"elementor-icon-box-icon\">\n\t\t\t\t<span  class=\"elementor-icon\">\n\t\t\t\t<i aria-hidden=\"true\" class=\"fas fa-star\"><\/i>\t\t\t\t<\/span>\n\t\t\t<\/div>\n\t\t\t\n\t\t\t\t\t\t<div class=\"elementor-icon-box-content\">\n\n\t\t\t\t\t\t\t\t\t<span class=\"elementor-icon-box-title\">\n\t\t\t\t\t\t<span  >\n\t\t\t\t\t\t\tPrograme Kualifikimi Auditor\t\t\t\t\t\t<\/span>\n\t\t\t\t\t<\/span>\n\t\t\t\t\n\t\t\t\t\t\t\t\t\t<p class=\"elementor-icon-box-description\">\n\t\t\t\t\t\tISO 19011:2018\t\t\t\t\t<\/p>\n\t\t\t\t\n\t\t\t<\/div>\n\t\t\t\n\t\t<\/div>\n\t\t\t\t\t\t<\/div>\n\t\t\t\t<\/div>\n\t\t\t\t\t<\/div>\n\t\t<\/div>\n\t\t\t\t\t<\/div>\n\t\t<\/section>\n\t\t\t\t<\/div>","protected":false},"excerpt":{"rendered":"<p>Previous Next Our security training helps you confidently develop, implement and improve standards safety systems. In addition, customized team and supplier training are offered a wide range of training courses in the areas of quality, health &amp; safety, environment, social responsibility, industry-specific standards, and more. Most courses are available for [&hellip;]<\/p>","protected":false},"author":1,"featured_media":0,"parent":0,"menu_order":0,"comment_status":"closed","ping_status":"closed","template":"","meta":{"nf_dc_page":"","_themeisle_gutenberg_block_has_review":false,"footnotes":""},"class_list":["post-2000","page","type-page","status-publish","hentry"],"yoast_head":"<!-- This site is optimized with the Yoast SEO plugin v27.2 - https:\/\/yoast.com\/product\/yoast-seo-wordpress\/ -->\n<title>Leading training services - Legal Cert<\/title>\n<meta name=\"robots\" content=\"index, follow, max-snippet:-1, max-image-preview:large, max-video-preview:-1\" \/>\n<link rel=\"canonical\" href=\"https:\/\/www.legalcert.al\/al\/training\/\" \/>\n<meta property=\"og:locale\" content=\"sq_AL\" \/>\n<meta property=\"og:type\" content=\"article\" \/>\n<meta property=\"og:title\" content=\"Leading training services - Legal Cert\" \/>\n<meta property=\"og:description\" content=\"Previous Next Our security training helps you confidently develop, implement and improve standards safety systems. In addition, customized team and supplier training are offered a wide range of training courses in the areas of quality, health &amp; safety, environment, social responsibility, industry-specific standards, and more. Most courses are available for [&hellip;]\" \/>\n<meta property=\"og:url\" content=\"https:\/\/www.legalcert.al\/al\/training\/\" \/>\n<meta property=\"og:site_name\" content=\"Legal Cert\" \/>\n<meta property=\"article:modified_time\" content=\"2020-10-16T21:08:50+00:00\" \/>\n<meta property=\"og:image\" content=\"https:\/\/www.legalcert.al\/wp-content\/uploads\/2020\/10\/994-300x219.png\" \/>\n<meta name=\"twitter:card\" content=\"summary_large_image\" \/>\n<script type=\"application\/ld+json\" class=\"yoast-schema-graph\">{\"@context\":\"https:\/\/schema.org\",\"@graph\":[{\"@type\":\"WebPage\",\"@id\":\"https:\/\/www.legalcert.al\/training\/\",\"url\":\"https:\/\/www.legalcert.al\/training\/\",\"name\":\"Leading training services - Legal Cert\",\"isPartOf\":{\"@id\":\"https:\/\/www.legalcert.al\/#website\"},\"primaryImageOfPage\":{\"@id\":\"https:\/\/www.legalcert.al\/training\/#primaryimage\"},\"image\":{\"@id\":\"https:\/\/www.legalcert.al\/training\/#primaryimage\"},\"thumbnailUrl\":\"https:\/\/www.legalcert.al\/wp-content\/uploads\/2020\/10\/994-300x219.png\",\"datePublished\":\"2019-09-18T18:43:38+00:00\",\"dateModified\":\"2020-10-16T21:08:50+00:00\",\"breadcrumb\":{\"@id\":\"https:\/\/www.legalcert.al\/training\/#breadcrumb\"},\"inLanguage\":\"sq\",\"potentialAction\":[{\"@type\":\"ReadAction\",\"target\":[\"https:\/\/www.legalcert.al\/training\/\"]}]},{\"@type\":\"ImageObject\",\"inLanguage\":\"sq\",\"@id\":\"https:\/\/www.legalcert.al\/training\/#primaryimage\",\"url\":\"https:\/\/www.legalcert.al\/wp-content\/uploads\/2020\/10\/994-300x219.png\",\"contentUrl\":\"https:\/\/www.legalcert.al\/wp-content\/uploads\/2020\/10\/994-300x219.png\"},{\"@type\":\"BreadcrumbList\",\"@id\":\"https:\/\/www.legalcert.al\/training\/#breadcrumb\",\"itemListElement\":[{\"@type\":\"ListItem\",\"position\":1,\"name\":\"Home\",\"item\":\"https:\/\/www.legalcert.al\/\"},{\"@type\":\"ListItem\",\"position\":2,\"name\":\"Leading training services\"}]},{\"@type\":\"WebSite\",\"@id\":\"https:\/\/www.legalcert.al\/#website\",\"url\":\"https:\/\/www.legalcert.al\/\",\"name\":\"Legal Cert\",\"description\":\"Legal Cert\",\"publisher\":{\"@id\":\"https:\/\/www.legalcert.al\/#organization\"},\"potentialAction\":[{\"@type\":\"SearchAction\",\"target\":{\"@type\":\"EntryPoint\",\"urlTemplate\":\"https:\/\/www.legalcert.al\/?s={search_term_string}\"},\"query-input\":{\"@type\":\"PropertyValueSpecification\",\"valueRequired\":true,\"valueName\":\"search_term_string\"}}],\"inLanguage\":\"sq\"},{\"@type\":\"Organization\",\"@id\":\"https:\/\/www.legalcert.al\/#organization\",\"name\":\"Legal cert\",\"url\":\"https:\/\/www.legalcert.al\/\",\"logo\":{\"@type\":\"ImageObject\",\"inLanguage\":\"sq\",\"@id\":\"https:\/\/www.legalcert.al\/#\/schema\/logo\/image\/\",\"url\":\"https:\/\/www.legalcert.al\/wp-content\/uploads\/2019\/04\/logo.png\",\"contentUrl\":\"https:\/\/www.legalcert.al\/wp-content\/uploads\/2019\/04\/logo.png\",\"width\":151,\"height\":137,\"caption\":\"Legal cert\"},\"image\":{\"@id\":\"https:\/\/www.legalcert.al\/#\/schema\/logo\/image\/\"},\"sameAs\":[\"https:\/\/www.linkedin.com\/company\/53124968\/admin\/\"]}]}<\/script>\n<!-- \/ Yoast SEO plugin. -->","yoast_head_json":{"title":"Leading training services - Legal Cert","robots":{"index":"index","follow":"follow","max-snippet":"max-snippet:-1","max-image-preview":"max-image-preview:large","max-video-preview":"max-video-preview:-1"},"canonical":"https:\/\/www.legalcert.al\/al\/training\/","og_locale":"sq_AL","og_type":"article","og_title":"Leading training services - Legal Cert","og_description":"Previous Next Our security training helps you confidently develop, implement and improve standards safety systems. In addition, customized team and supplier training are offered a wide range of training courses in the areas of quality, health &amp; safety, environment, social responsibility, industry-specific standards, and more. Most courses are available for [&hellip;]","og_url":"https:\/\/www.legalcert.al\/al\/training\/","og_site_name":"Legal Cert","article_modified_time":"2020-10-16T21:08:50+00:00","og_image":[{"url":"https:\/\/www.legalcert.al\/wp-content\/uploads\/2020\/10\/994-300x219.png","type":"","width":"","height":""}],"twitter_card":"summary_large_image","schema":{"@context":"https:\/\/schema.org","@graph":[{"@type":"WebPage","@id":"https:\/\/www.legalcert.al\/training\/","url":"https:\/\/www.legalcert.al\/training\/","name":"Leading training services - Legal Cert","isPartOf":{"@id":"https:\/\/www.legalcert.al\/#website"},"primaryImageOfPage":{"@id":"https:\/\/www.legalcert.al\/training\/#primaryimage"},"image":{"@id":"https:\/\/www.legalcert.al\/training\/#primaryimage"},"thumbnailUrl":"https:\/\/www.legalcert.al\/wp-content\/uploads\/2020\/10\/994-300x219.png","datePublished":"2019-09-18T18:43:38+00:00","dateModified":"2020-10-16T21:08:50+00:00","breadcrumb":{"@id":"https:\/\/www.legalcert.al\/training\/#breadcrumb"},"inLanguage":"sq","potentialAction":[{"@type":"ReadAction","target":["https:\/\/www.legalcert.al\/training\/"]}]},{"@type":"ImageObject","inLanguage":"sq","@id":"https:\/\/www.legalcert.al\/training\/#primaryimage","url":"https:\/\/www.legalcert.al\/wp-content\/uploads\/2020\/10\/994-300x219.png","contentUrl":"https:\/\/www.legalcert.al\/wp-content\/uploads\/2020\/10\/994-300x219.png"},{"@type":"BreadcrumbList","@id":"https:\/\/www.legalcert.al\/training\/#breadcrumb","itemListElement":[{"@type":"ListItem","position":1,"name":"Home","item":"https:\/\/www.legalcert.al\/"},{"@type":"ListItem","position":2,"name":"Leading training services"}]},{"@type":"WebSite","@id":"https:\/\/www.legalcert.al\/#website","url":"https:\/\/www.legalcert.al\/","name":"Legal Cert","description":"Legal Cert","publisher":{"@id":"https:\/\/www.legalcert.al\/#organization"},"potentialAction":[{"@type":"SearchAction","target":{"@type":"EntryPoint","urlTemplate":"https:\/\/www.legalcert.al\/?s={search_term_string}"},"query-input":{"@type":"PropertyValueSpecification","valueRequired":true,"valueName":"search_term_string"}}],"inLanguage":"sq"},{"@type":"Organization","@id":"https:\/\/www.legalcert.al\/#organization","name":"Legal cert","url":"https:\/\/www.legalcert.al\/","logo":{"@type":"ImageObject","inLanguage":"sq","@id":"https:\/\/www.legalcert.al\/#\/schema\/logo\/image\/","url":"https:\/\/www.legalcert.al\/wp-content\/uploads\/2019\/04\/logo.png","contentUrl":"https:\/\/www.legalcert.al\/wp-content\/uploads\/2019\/04\/logo.png","width":151,"height":137,"caption":"Legal cert"},"image":{"@id":"https:\/\/www.legalcert.al\/#\/schema\/logo\/image\/"},"sameAs":["https:\/\/www.linkedin.com\/company\/53124968\/admin\/"]}]}},"_links":{"self":[{"href":"https:\/\/www.legalcert.al\/al\/wp-json\/wp\/v2\/pages\/2000","targetHints":{"allow":["GET"]}}],"collection":[{"href":"https:\/\/www.legalcert.al\/al\/wp-json\/wp\/v2\/pages"}],"about":[{"href":"https:\/\/www.legalcert.al\/al\/wp-json\/wp\/v2\/types\/page"}],"author":[{"embeddable":true,"href":"https:\/\/www.legalcert.al\/al\/wp-json\/wp\/v2\/users\/1"}],"replies":[{"embeddable":true,"href":"https:\/\/www.legalcert.al\/al\/wp-json\/wp\/v2\/comments?post=2000"}],"version-history":[{"count":20,"href":"https:\/\/www.legalcert.al\/al\/wp-json\/wp\/v2\/pages\/2000\/revisions"}],"predecessor-version":[{"id":3344,"href":"https:\/\/www.legalcert.al\/al\/wp-json\/wp\/v2\/pages\/2000\/revisions\/3344"}],"wp:attachment":[{"href":"https:\/\/www.legalcert.al\/al\/wp-json\/wp\/v2\/media?parent=2000"}],"curies":[{"name":"wp","href":"https:\/\/api.w.org\/{rel}","templated":true}]}}