{"id":2557,"date":"2020-02-29T15:47:15","date_gmt":"2020-02-29T15:47:15","guid":{"rendered":"https:\/\/www.legalcert.al\/?page_id=2557"},"modified":"2025-02-26T11:38:01","modified_gmt":"2025-02-26T11:38:01","slug":"documents","status":"publish","type":"page","link":"https:\/\/www.legalcert.al\/al\/documents\/","title":{"rendered":"Dokumenta"},"content":{"rendered":"<div data-elementor-type=\"wp-page\" data-elementor-id=\"2557\" class=\"elementor elementor-2557\">\n\t\t\t\t\t\t<section class=\"elementor-section elementor-top-section elementor-element elementor-element-fbb0efd elementor-section-boxed elementor-section-height-default elementor-section-height-default\" data-id=\"fbb0efd\" data-element_type=\"section\">\n\t\t\t\t\t\t<div class=\"elementor-container elementor-column-gap-default\">\n\t\t\t\t\t<div class=\"elementor-column elementor-col-50 elementor-top-column elementor-element elementor-element-fe2589a\" data-id=\"fe2589a\" data-element_type=\"column\">\n\t\t\t<div class=\"elementor-widget-wrap elementor-element-populated\">\n\t\t\t\t\t\t<div class=\"elementor-element elementor-element-ff7ec7d elementor-widget elementor-widget-heading\" data-id=\"ff7ec7d\" data-element_type=\"widget\" data-widget_type=\"heading.default\">\n\t\t\t\t<div class=\"elementor-widget-container\">\n\t\t\t\t\t<p class=\"elementor-heading-title elementor-size-default\"><a href=\"https:\/\/www.legalcert.al\/wp-content\/uploads\/2021\/11\/POL-01-POLITIKA-E-CILESISE-LEGAL-CERT-2021-AL.pdf\" target=\"_blank\">Politika e Cilesise <\/a><\/p>\t\t\t\t<\/div>\n\t\t\t\t<\/div>\n\t\t\t\t<div class=\"elementor-element elementor-element-8fc97cc elementor-widget elementor-widget-heading\" data-id=\"8fc97cc\" data-element_type=\"widget\" data-widget_type=\"heading.default\">\n\t\t\t\t<div class=\"elementor-widget-container\">\n\t\t\t\t\t<p class=\"elementor-heading-title elementor-size-default\"><a href=\"https:\/\/www.legalcert.al\/wp-content\/uploads\/2021\/11\/SI-11-Deklarate-Pavaresie-dhe-Paanshmerie-LEGAL-CERT-rev.02.pdf\" target=\"_blank\">Deklarate Pavaresie dhe Paanshmerie\n<\/a><\/p>\t\t\t\t<\/div>\n\t\t\t\t<\/div>\n\t\t\t\t<div class=\"elementor-element elementor-element-24643b3 elementor-widget elementor-widget-heading\" data-id=\"24643b3\" data-element_type=\"widget\" data-widget_type=\"heading.default\">\n\t\t\t\t<div class=\"elementor-widget-container\">\n\t\t\t\t\t<p class=\"elementor-heading-title elementor-size-default\"><a href=\"https:\/\/www.legalcert.al\/wp-content\/uploads\/2021\/11\/REG-02-Rregullore-per-Perdorimin-e-Marke-ed-02-rev-3-2020.pdf\" target=\"_blank\"> Rregullore per Perdorimin e Markes <\/a><\/p>\t\t\t\t<\/div>\n\t\t\t\t<\/div>\n\t\t\t\t<div class=\"elementor-element elementor-element-dbec24d elementor-widget elementor-widget-heading\" data-id=\"dbec24d\" data-element_type=\"widget\" data-widget_type=\"heading.default\">\n\t\t\t\t<div class=\"elementor-widget-container\">\n\t\t\t\t\t<p class=\"elementor-heading-title elementor-size-default\"><a href=\"https:\/\/www.legalcert.al\/wp-content\/uploads\/2025\/02\/REG-01_Rregullore_e_certifikimit_-_ed._1_rev._12_del_03.07.2024.pdf\" target=\"_blank\">Rregullore e \u00c7ertifikimit<\/a><\/p>\t\t\t\t<\/div>\n\t\t\t\t<\/div>\n\t\t\t\t<div class=\"elementor-element elementor-element-fe64097 elementor-widget elementor-widget-heading\" data-id=\"fe64097\" data-element_type=\"widget\" data-widget_type=\"heading.default\">\n\t\t\t\t<div class=\"elementor-widget-container\">\n\t\t\t\t\t<p class=\"elementor-heading-title elementor-size-default\"><a href=\"https:\/\/www.legalcert.al\/wp-content\/uploads\/2021\/11\/PO-05-Administrimi-i-Apelimeve-Ankesave-dhe-Mosmareveshjeve-ed.-1-rev.-02-2020.pdf\" target=\"_blank\">Procedura per administrimin e Ankesave dhe Mosmareveshjeve<\/a><\/p>\t\t\t\t<\/div>\n\t\t\t\t<\/div>\n\t\t\t\t\t<\/div>\n\t\t<\/div>\n\t\t\t\t<div class=\"elementor-column elementor-col-50 elementor-top-column elementor-element elementor-element-e88bd42\" data-id=\"e88bd42\" data-element_type=\"column\">\n\t\t\t<div class=\"elementor-widget-wrap elementor-element-populated\">\n\t\t\t\t\t\t<div class=\"elementor-element elementor-element-917b1d8 elementor-widget elementor-widget-heading\" data-id=\"917b1d8\" data-element_type=\"widget\" data-widget_type=\"heading.default\">\n\t\t\t\t<div class=\"elementor-widget-container\">\n\t\t\t\t\t<p class=\"elementor-heading-title elementor-size-default\"><a href=\"https:\/\/www.legalcert.al\/wp-content\/uploads\/2021\/11\/POL-01-Politica-della-Qualita-LEGAL-CERT-2021-ITA.pdf\">Politica della Qualit\u00e0<\/a><\/p>\t\t\t\t<\/div>\n\t\t\t\t<\/div>\n\t\t\t\t<div class=\"elementor-element elementor-element-f582d58 elementor-widget elementor-widget-heading\" data-id=\"f582d58\" data-element_type=\"widget\" data-widget_type=\"heading.default\">\n\t\t\t\t<div class=\"elementor-widget-container\">\n\t\t\t\t\t<p class=\"elementor-heading-title elementor-size-default\"><a href=\"https:\/\/www.legalcert.al\/wp-content\/uploads\/2021\/11\/SI-11-Dichiarazione-di-Imparzialita-LEGAL-CERT-rev.-02.pdf\">Dichiarazione di Imparzialit\u00e0<\/a><\/p>\t\t\t\t<\/div>\n\t\t\t\t<\/div>\n\t\t\t\t<div class=\"elementor-element elementor-element-f69215d elementor-widget elementor-widget-heading\" data-id=\"f69215d\" data-element_type=\"widget\" data-widget_type=\"heading.default\">\n\t\t\t\t<div class=\"elementor-widget-container\">\n\t\t\t\t\t<p class=\"elementor-heading-title elementor-size-default\"><a href=\"https:\/\/www.legalcert.al\/wp-content\/uploads\/2025\/02\/REG-01-Regolamento-di-certificazione-ed.-1-rev.-12-del-03.07.2024.pdf\">Regolamento di Certificazione<\/a><\/p>\t\t\t\t<\/div>\n\t\t\t\t<\/div>\n\t\t\t\t<div class=\"elementor-element elementor-element-bd3a00b elementor-widget elementor-widget-heading\" data-id=\"bd3a00b\" data-element_type=\"widget\" data-widget_type=\"heading.default\">\n\t\t\t\t<div class=\"elementor-widget-container\">\n\t\t\t\t\t<p class=\"elementor-heading-title elementor-size-default\"><a href=\"https:\/\/www.legalcert.al\/wp-content\/uploads\/2021\/11\/REG-02-Uso-del-marchio-ed-02-rev-3-2020.pdf\">Regolamento di Uso del marchio <\/a><\/p>\t\t\t\t<\/div>\n\t\t\t\t<\/div>\n\t\t\t\t<div class=\"elementor-element elementor-element-63f6b36 elementor-widget elementor-widget-heading\" data-id=\"63f6b36\" data-element_type=\"widget\" data-widget_type=\"heading.default\">\n\t\t\t\t<div class=\"elementor-widget-container\">\n\t\t\t\t\t<p class=\"elementor-heading-title elementor-size-default\"><a href=\"https:\/\/www.legalcert.al\/wp-content\/uploads\/2021\/11\/PO-05-procedura-gestione-ricorsi-e-reclami-ed.-1-rev.-02-2020.pdf\">Procedura modalita\u2019 di gestione dei ricorsi, reclami  e  contenziosi\n <\/a><\/p>\t\t\t\t<\/div>\n\t\t\t\t<\/div>\n\t\t\t\t\t<\/div>\n\t\t<\/div>\n\t\t\t\t\t<\/div>\n\t\t<\/section>\n\t\t\t\t<\/div>","protected":false},"excerpt":{"rendered":"<p>Politika e Cilesise Deklarate Pavaresie dhe Paanshmerie Rregullore per Perdorimin e Markes Rregullore e \u00c7ertifikimit Procedura per administrimin e Ankesave dhe Mosmareveshjeve Politica della Qualit\u00e0 Dichiarazione di Imparzialit\u00e0 Regolamento di Certificazione Regolamento di Uso del marchio Procedura modalita\u2019 di gestione dei ricorsi, reclami e contenziosi<\/p>","protected":false},"author":1,"featured_media":0,"parent":0,"menu_order":0,"comment_status":"closed","ping_status":"closed","template":"","meta":{"nf_dc_page":"","_themeisle_gutenberg_block_has_review":false,"footnotes":""},"class_list":["post-2557","page","type-page","status-publish","hentry"],"yoast_head":"<!-- This site is optimized with the Yoast SEO plugin v27.2 - https:\/\/yoast.com\/product\/yoast-seo-wordpress\/ -->\n<title>Documents - Legal Cert<\/title>\n<meta name=\"robots\" content=\"noindex, follow\" \/>\n<meta property=\"og:locale\" content=\"sq_AL\" \/>\n<meta property=\"og:type\" content=\"article\" \/>\n<meta property=\"og:title\" content=\"Documents - Legal Cert\" \/>\n<meta property=\"og:description\" content=\"Politika e Cilesise Deklarate Pavaresie dhe Paanshmerie Rregullore per Perdorimin e Markes Rregullore e \u00c7ertifikimit Procedura per administrimin e Ankesave dhe Mosmareveshjeve Politica della Qualit\u00e0 Dichiarazione di Imparzialit\u00e0 Regolamento di Certificazione Regolamento di Uso del marchio Procedura modalita\u2019 di gestione dei ricorsi, reclami e contenziosi\" \/>\n<meta property=\"og:url\" content=\"https:\/\/www.legalcert.al\/al\/documents\/\" \/>\n<meta property=\"og:site_name\" content=\"Legal Cert\" \/>\n<meta property=\"article:modified_time\" content=\"2025-02-26T11:38:01+00:00\" \/>\n<meta name=\"twitter:card\" content=\"summary_large_image\" \/>\n<meta name=\"twitter:label1\" content=\"Est. reading time\" \/>\n\t<meta name=\"twitter:data1\" content=\"1 minut\u00eb\" \/>\n<script type=\"application\/ld+json\" class=\"yoast-schema-graph\">{\"@context\":\"https:\/\/schema.org\",\"@graph\":[{\"@type\":\"WebPage\",\"@id\":\"https:\/\/www.legalcert.al\/documents\/\",\"url\":\"https:\/\/www.legalcert.al\/documents\/\",\"name\":\"Documents - Legal Cert\",\"isPartOf\":{\"@id\":\"https:\/\/www.legalcert.al\/#website\"},\"datePublished\":\"2020-02-29T15:47:15+00:00\",\"dateModified\":\"2025-02-26T11:38:01+00:00\",\"breadcrumb\":{\"@id\":\"https:\/\/www.legalcert.al\/documents\/#breadcrumb\"},\"inLanguage\":\"sq\",\"potentialAction\":[{\"@type\":\"ReadAction\",\"target\":[\"https:\/\/www.legalcert.al\/documents\/\"]}]},{\"@type\":\"BreadcrumbList\",\"@id\":\"https:\/\/www.legalcert.al\/documents\/#breadcrumb\",\"itemListElement\":[{\"@type\":\"ListItem\",\"position\":1,\"name\":\"Home\",\"item\":\"https:\/\/www.legalcert.al\/\"},{\"@type\":\"ListItem\",\"position\":2,\"name\":\"Documents\"}]},{\"@type\":\"WebSite\",\"@id\":\"https:\/\/www.legalcert.al\/#website\",\"url\":\"https:\/\/www.legalcert.al\/\",\"name\":\"Legal Cert\",\"description\":\"Legal Cert\",\"publisher\":{\"@id\":\"https:\/\/www.legalcert.al\/#organization\"},\"potentialAction\":[{\"@type\":\"SearchAction\",\"target\":{\"@type\":\"EntryPoint\",\"urlTemplate\":\"https:\/\/www.legalcert.al\/?s={search_term_string}\"},\"query-input\":{\"@type\":\"PropertyValueSpecification\",\"valueRequired\":true,\"valueName\":\"search_term_string\"}}],\"inLanguage\":\"sq\"},{\"@type\":\"Organization\",\"@id\":\"https:\/\/www.legalcert.al\/#organization\",\"name\":\"Legal cert\",\"url\":\"https:\/\/www.legalcert.al\/\",\"logo\":{\"@type\":\"ImageObject\",\"inLanguage\":\"sq\",\"@id\":\"https:\/\/www.legalcert.al\/#\/schema\/logo\/image\/\",\"url\":\"https:\/\/www.legalcert.al\/wp-content\/uploads\/2019\/04\/logo.png\",\"contentUrl\":\"https:\/\/www.legalcert.al\/wp-content\/uploads\/2019\/04\/logo.png\",\"width\":151,\"height\":137,\"caption\":\"Legal cert\"},\"image\":{\"@id\":\"https:\/\/www.legalcert.al\/#\/schema\/logo\/image\/\"},\"sameAs\":[\"https:\/\/www.linkedin.com\/company\/53124968\/admin\/\"]}]}<\/script>\n<!-- \/ Yoast SEO plugin. -->","yoast_head_json":{"title":"Documents - Legal Cert","robots":{"index":"noindex","follow":"follow"},"og_locale":"sq_AL","og_type":"article","og_title":"Documents - Legal Cert","og_description":"Politika e Cilesise Deklarate Pavaresie dhe Paanshmerie Rregullore per Perdorimin e Markes Rregullore e \u00c7ertifikimit Procedura per administrimin e Ankesave dhe Mosmareveshjeve Politica della Qualit\u00e0 Dichiarazione di Imparzialit\u00e0 Regolamento di Certificazione Regolamento di Uso del marchio Procedura modalita\u2019 di gestione dei ricorsi, reclami e contenziosi","og_url":"https:\/\/www.legalcert.al\/al\/documents\/","og_site_name":"Legal Cert","article_modified_time":"2025-02-26T11:38:01+00:00","twitter_card":"summary_large_image","twitter_misc":{"Est. reading time":"1 minut\u00eb"},"schema":{"@context":"https:\/\/schema.org","@graph":[{"@type":"WebPage","@id":"https:\/\/www.legalcert.al\/documents\/","url":"https:\/\/www.legalcert.al\/documents\/","name":"Documents - Legal Cert","isPartOf":{"@id":"https:\/\/www.legalcert.al\/#website"},"datePublished":"2020-02-29T15:47:15+00:00","dateModified":"2025-02-26T11:38:01+00:00","breadcrumb":{"@id":"https:\/\/www.legalcert.al\/documents\/#breadcrumb"},"inLanguage":"sq","potentialAction":[{"@type":"ReadAction","target":["https:\/\/www.legalcert.al\/documents\/"]}]},{"@type":"BreadcrumbList","@id":"https:\/\/www.legalcert.al\/documents\/#breadcrumb","itemListElement":[{"@type":"ListItem","position":1,"name":"Home","item":"https:\/\/www.legalcert.al\/"},{"@type":"ListItem","position":2,"name":"Documents"}]},{"@type":"WebSite","@id":"https:\/\/www.legalcert.al\/#website","url":"https:\/\/www.legalcert.al\/","name":"Legal Cert","description":"Legal Cert","publisher":{"@id":"https:\/\/www.legalcert.al\/#organization"},"potentialAction":[{"@type":"SearchAction","target":{"@type":"EntryPoint","urlTemplate":"https:\/\/www.legalcert.al\/?s={search_term_string}"},"query-input":{"@type":"PropertyValueSpecification","valueRequired":true,"valueName":"search_term_string"}}],"inLanguage":"sq"},{"@type":"Organization","@id":"https:\/\/www.legalcert.al\/#organization","name":"Legal cert","url":"https:\/\/www.legalcert.al\/","logo":{"@type":"ImageObject","inLanguage":"sq","@id":"https:\/\/www.legalcert.al\/#\/schema\/logo\/image\/","url":"https:\/\/www.legalcert.al\/wp-content\/uploads\/2019\/04\/logo.png","contentUrl":"https:\/\/www.legalcert.al\/wp-content\/uploads\/2019\/04\/logo.png","width":151,"height":137,"caption":"Legal cert"},"image":{"@id":"https:\/\/www.legalcert.al\/#\/schema\/logo\/image\/"},"sameAs":["https:\/\/www.linkedin.com\/company\/53124968\/admin\/"]}]}},"_links":{"self":[{"href":"https:\/\/www.legalcert.al\/al\/wp-json\/wp\/v2\/pages\/2557","targetHints":{"allow":["GET"]}}],"collection":[{"href":"https:\/\/www.legalcert.al\/al\/wp-json\/wp\/v2\/pages"}],"about":[{"href":"https:\/\/www.legalcert.al\/al\/wp-json\/wp\/v2\/types\/page"}],"author":[{"embeddable":true,"href":"https:\/\/www.legalcert.al\/al\/wp-json\/wp\/v2\/users\/1"}],"replies":[{"embeddable":true,"href":"https:\/\/www.legalcert.al\/al\/wp-json\/wp\/v2\/comments?post=2557"}],"version-history":[{"count":69,"href":"https:\/\/www.legalcert.al\/al\/wp-json\/wp\/v2\/pages\/2557\/revisions"}],"predecessor-version":[{"id":4174,"href":"https:\/\/www.legalcert.al\/al\/wp-json\/wp\/v2\/pages\/2557\/revisions\/4174"}],"wp:attachment":[{"href":"https:\/\/www.legalcert.al\/al\/wp-json\/wp\/v2\/media?parent=2557"}],"curies":[{"name":"wp","href":"https:\/\/api.w.org\/{rel}","templated":true}]}}