{"id":528,"date":"2016-07-12T10:24:15","date_gmt":"2016-07-12T10:24:15","guid":{"rendered":"https:\/\/www.legalcert.al\/?page_id=528"},"modified":"2025-09-02T09:52:01","modified_gmt":"2025-09-02T09:52:01","slug":"iso9001","status":"publish","type":"page","link":"https:\/\/www.legalcert.al\/al\/iso9001\/","title":{"rendered":"ISO 9001 MENAXHIMI I CIL\u00cbSIS\u00cb"},"content":{"rendered":"<h6>Cfare \u00ebsht\u00eb ISO 9001?<\/h6>\n<p>\t\t\t\t\t\t\t\t\t\t<img loading=\"lazy\" decoding=\"async\" width=\"258\" height=\"196\" src=\"https:\/\/www.legalcert.al\/wp-content\/uploads\/2018\/11\/9001-4.png\" alt=\"\" \/>\t\t\t\t\t\t\t\t\t\t\t<\/p>\n<p>ISO 9001 \u00ebsht\u00eb standardi q\u00eb p\u00ebrcakton k\u00ebrkesat p\u00ebr nj\u00eb sistem t\u00eb menaxhimit t\u00eb cil\u00ebsis\u00eb. Ndihmon bizneset dhe organizatat t\u00eb jen\u00eb m\u00eb efikase dhe t\u00eb p\u00ebrmir\u00ebsojn\u00eb k\u00ebnaq\u00ebsin\u00eb e klientit. Nj\u00eb sistem i menaxhimit t\u00eb cil\u00ebsis\u00eb \u00ebsht\u00eb m\u00ebnyra se si nj\u00eb organizat\u00eb mund t\u00eb p\u00ebrmbush\u00eb k\u00ebrkesat e klient\u00ebve t\u00eb saj dhe pal\u00ebve t\u00eb tjera t\u00eb interesuara q\u00eb preken nga aktiviteti i saj<\/p>\n<h6>Kush mund t\u00eb zbatoj dhe t\u00eb certifikohet me standardin ISO 9001?<\/h6>\n<p>ISO 9001 \u00ebsht\u00eb i p\u00ebrshtatsh\u00ebm p\u00ebr te gjitha organizatat pavarsisht nga objekti, madh\u00ebsia dhe sektori i aktivitetit. Kompanit\u00eb e madhesis\u00eb s\u00eb vogel q\u00eb nuk kan\u00eb ende personel t\u00eb p\u00ebrkushtuar p\u00ebr cil\u00ebsin\u00eb mund t\u00eb g\u00ebzojn\u00eb p\u00ebrfitimet e zbatimit t\u00eb standardit - ISO qe ka shum\u00eb mundesi, burime p\u00ebr t'i ndihmuar.<\/p>\n<h6>ISO 9001: p\u00ebrfitimet<\/h6>\n<li>Manaxhon punen n\u00eb m\u00ebnyr\u00eb m\u00eb efikase, duke shp\u00ebrndar\u00eb detyra dhe p\u00ebrgjegj\u00ebsite p\u00ebr p\u00ebrmir\u00ebsimin e cil\u00ebsis\u00eb s\u00eb pun\u00ebs t\u00eb secilit. Kjo rrit produktivitetin dhe efikasitetin, duke ulur kostot e brendshme.<\/li>\n<li>P\u00ebrmbush\u00eb k\u00ebrkesat e nevojshme ligjore dhe rregullatore t\u00eb tregut.<\/li>\n<li>Ndihmon biznesin te zgjerohet n\u00eb tregje t\u00eb reja, pasi shum\u00eb sektor\u00eb dhe klient\u00eb k\u00ebrkojn\u00eb ISO 9001.<\/li>\n<li>Ndihmon ne identifikimin dhe adresimin e rreziqeve q\u00eb lidhen me organizat\u00ebn.<\/li>\n<li>Vler\u00ebson kontekstin e p\u00ebrgjithsh\u00ebm t\u00eb organizat\u00ebs duke p\u00ebrcaktuar se kush ndikohet nga puna juaj dhe \u00e7far\u00eb presin nga ju. Kjo ndihmon n\u00eb qart\u00ebsimin e objektivave  dhe identifikimin e mund\u00ebsive t\u00eb reja p\u00ebr bizneset.<\/li>\n<li>Rrit besimin n\u00eb produktin\/sh\u00ebrbimin nga ana e klientit duke u siguruar q\u00eb vazhdimisht i p\u00ebrmbushni nevojat  dhe rrisni k\u00ebnaq\u00ebsin\u00eb e tyre. Kjo do te t\u00eb sjell  p\u00ebrs\u00ebritje te porosive, klient\u00ebve t\u00eb rinj dhe rritje t\u00eb biznesit.<\/li>\n<h6>\u00c7far\u00eb p\u00ebrfitimesh sjell p\u00ebr<br \/>\nbiznesin apo organizatat?<\/h6>\n<p>\t\tImplementimi i nj\u00eb sistemi t\u00eb menaxhimit t\u00eb cil\u00ebsis\u00eb ndikon pasi:<\/p>\n<li>Qeveria apo administrata publike i japin prioritet kompanive q\u00eb jan\u00eb certifikuar me ISO 9001, n\u00eb pjesmarrjen n\u00eb tendera te ndryshem.<\/li>\n<li>U jep siguri pronar\u00ebve dhe drejtuesve t\u00eb kompanis\u00eb p\u00ebr mbajtjen gjithmon\u00eb n\u00ebnkontroll t\u00eb aktivitetit.<\/li>\n<li>Siguron q\u00eb p\u00ebrmir\u00ebsim i arritur varet nga nj\u00eb sistem manaxhimi dhe jo nga nisma t\u00eb izoluara.<\/li>\n<li>Ndihmon kompanite t\u00eb arrij\u00eb p\u00ebrmir\u00ebsim t\u00eb vazhdueshme p\u00ebr t\u00eb k\u00ebnaqur pritshmerit\u00eb e klient\u00ebve.<\/li>\n<p><strong><a href=\"https:\/\/www.legalcert.al\/wp-content\/uploads\/2022\/01\/9001.pdf\">Our accreditation<\/a><\/strong><\/p>","protected":false},"excerpt":{"rendered":"<p>What is ISO 9001? ISO 9001 is a standard that sets out the requirements for a quality management system. It helps businesses and organizations to be more efficient and improve customer satisfaction. A quality management system is a way of defining how an organization can meet the requirements of its [&hellip;]<\/p>","protected":false},"author":1,"featured_media":0,"parent":0,"menu_order":0,"comment_status":"closed","ping_status":"closed","template":"","meta":{"nf_dc_page":"","_themeisle_gutenberg_block_has_review":false,"footnotes":""},"class_list":["post-528","page","type-page","status-publish","hentry"],"yoast_head":"<!-- This site is optimized with the Yoast SEO plugin v27.2 - https:\/\/yoast.com\/product\/yoast-seo-wordpress\/ -->\n<title>ISO 9001 QUALITY MANAGEMENT - Legal Cert<\/title>\n<meta name=\"robots\" content=\"index, follow, max-snippet:-1, max-image-preview:large, max-video-preview:-1\" \/>\n<link rel=\"canonical\" href=\"https:\/\/www.legalcert.al\/al\/iso9001\/\" \/>\n<meta property=\"og:locale\" content=\"sq_AL\" \/>\n<meta property=\"og:type\" content=\"article\" \/>\n<meta property=\"og:title\" content=\"ISO 9001 QUALITY MANAGEMENT - Legal Cert\" \/>\n<meta property=\"og:description\" content=\"What is ISO 9001? ISO 9001 is a standard that sets out the requirements for a quality management system. It helps businesses and organizations to be more efficient and improve customer satisfaction. A quality management system is a way of defining how an organization can meet the requirements of its [&hellip;]\" \/>\n<meta property=\"og:url\" content=\"https:\/\/www.legalcert.al\/al\/iso9001\/\" \/>\n<meta property=\"og:site_name\" content=\"Legal Cert\" \/>\n<meta property=\"article:modified_time\" content=\"2025-09-02T09:52:01+00:00\" \/>\n<meta property=\"og:image\" content=\"https:\/\/www.legalcert.al\/wp-content\/uploads\/2018\/11\/9001-4.png\" \/>\n<meta name=\"twitter:card\" content=\"summary_large_image\" \/>\n<meta name=\"twitter:label1\" content=\"Est. reading time\" \/>\n\t<meta name=\"twitter:data1\" content=\"2 minuta\" \/>\n<script type=\"application\/ld+json\" class=\"yoast-schema-graph\">{\"@context\":\"https:\/\/schema.org\",\"@graph\":[{\"@type\":\"WebPage\",\"@id\":\"https:\/\/www.legalcert.al\/iso9001\/\",\"url\":\"https:\/\/www.legalcert.al\/iso9001\/\",\"name\":\"ISO 9001 QUALITY MANAGEMENT - Legal Cert\",\"isPartOf\":{\"@id\":\"https:\/\/www.legalcert.al\/#website\"},\"primaryImageOfPage\":{\"@id\":\"https:\/\/www.legalcert.al\/iso9001\/#primaryimage\"},\"image\":{\"@id\":\"https:\/\/www.legalcert.al\/iso9001\/#primaryimage\"},\"thumbnailUrl\":\"https:\/\/www.legalcert.al\/wp-content\/uploads\/2018\/11\/9001-4.png\",\"datePublished\":\"2016-07-12T10:24:15+00:00\",\"dateModified\":\"2025-09-02T09:52:01+00:00\",\"breadcrumb\":{\"@id\":\"https:\/\/www.legalcert.al\/iso9001\/#breadcrumb\"},\"inLanguage\":\"sq\",\"potentialAction\":[{\"@type\":\"ReadAction\",\"target\":[\"https:\/\/www.legalcert.al\/iso9001\/\"]}]},{\"@type\":\"ImageObject\",\"inLanguage\":\"sq\",\"@id\":\"https:\/\/www.legalcert.al\/iso9001\/#primaryimage\",\"url\":\"https:\/\/www.legalcert.al\/wp-content\/uploads\/2018\/11\/9001-4.png\",\"contentUrl\":\"https:\/\/www.legalcert.al\/wp-content\/uploads\/2018\/11\/9001-4.png\"},{\"@type\":\"BreadcrumbList\",\"@id\":\"https:\/\/www.legalcert.al\/iso9001\/#breadcrumb\",\"itemListElement\":[{\"@type\":\"ListItem\",\"position\":1,\"name\":\"Home\",\"item\":\"https:\/\/www.legalcert.al\/\"},{\"@type\":\"ListItem\",\"position\":2,\"name\":\"ISO 9001 QUALITY MANAGEMENT\"}]},{\"@type\":\"WebSite\",\"@id\":\"https:\/\/www.legalcert.al\/#website\",\"url\":\"https:\/\/www.legalcert.al\/\",\"name\":\"Legal Cert\",\"description\":\"Legal Cert\",\"publisher\":{\"@id\":\"https:\/\/www.legalcert.al\/#organization\"},\"potentialAction\":[{\"@type\":\"SearchAction\",\"target\":{\"@type\":\"EntryPoint\",\"urlTemplate\":\"https:\/\/www.legalcert.al\/?s={search_term_string}\"},\"query-input\":{\"@type\":\"PropertyValueSpecification\",\"valueRequired\":true,\"valueName\":\"search_term_string\"}}],\"inLanguage\":\"sq\"},{\"@type\":\"Organization\",\"@id\":\"https:\/\/www.legalcert.al\/#organization\",\"name\":\"Legal cert\",\"url\":\"https:\/\/www.legalcert.al\/\",\"logo\":{\"@type\":\"ImageObject\",\"inLanguage\":\"sq\",\"@id\":\"https:\/\/www.legalcert.al\/#\/schema\/logo\/image\/\",\"url\":\"https:\/\/www.legalcert.al\/wp-content\/uploads\/2019\/04\/logo.png\",\"contentUrl\":\"https:\/\/www.legalcert.al\/wp-content\/uploads\/2019\/04\/logo.png\",\"width\":151,\"height\":137,\"caption\":\"Legal cert\"},\"image\":{\"@id\":\"https:\/\/www.legalcert.al\/#\/schema\/logo\/image\/\"},\"sameAs\":[\"https:\/\/www.linkedin.com\/company\/53124968\/admin\/\"]}]}<\/script>\n<!-- \/ Yoast SEO plugin. -->","yoast_head_json":{"title":"ISO 9001 QUALITY MANAGEMENT - Legal Cert","robots":{"index":"index","follow":"follow","max-snippet":"max-snippet:-1","max-image-preview":"max-image-preview:large","max-video-preview":"max-video-preview:-1"},"canonical":"https:\/\/www.legalcert.al\/al\/iso9001\/","og_locale":"sq_AL","og_type":"article","og_title":"ISO 9001 QUALITY MANAGEMENT - Legal Cert","og_description":"What is ISO 9001? ISO 9001 is a standard that sets out the requirements for a quality management system. It helps businesses and organizations to be more efficient and improve customer satisfaction. A quality management system is a way of defining how an organization can meet the requirements of its [&hellip;]","og_url":"https:\/\/www.legalcert.al\/al\/iso9001\/","og_site_name":"Legal Cert","article_modified_time":"2025-09-02T09:52:01+00:00","og_image":[{"url":"https:\/\/www.legalcert.al\/wp-content\/uploads\/2018\/11\/9001-4.png","type":"","width":"","height":""}],"twitter_card":"summary_large_image","twitter_misc":{"Est. reading time":"2 minuta"},"schema":{"@context":"https:\/\/schema.org","@graph":[{"@type":"WebPage","@id":"https:\/\/www.legalcert.al\/iso9001\/","url":"https:\/\/www.legalcert.al\/iso9001\/","name":"ISO 9001 QUALITY MANAGEMENT - Legal Cert","isPartOf":{"@id":"https:\/\/www.legalcert.al\/#website"},"primaryImageOfPage":{"@id":"https:\/\/www.legalcert.al\/iso9001\/#primaryimage"},"image":{"@id":"https:\/\/www.legalcert.al\/iso9001\/#primaryimage"},"thumbnailUrl":"https:\/\/www.legalcert.al\/wp-content\/uploads\/2018\/11\/9001-4.png","datePublished":"2016-07-12T10:24:15+00:00","dateModified":"2025-09-02T09:52:01+00:00","breadcrumb":{"@id":"https:\/\/www.legalcert.al\/iso9001\/#breadcrumb"},"inLanguage":"sq","potentialAction":[{"@type":"ReadAction","target":["https:\/\/www.legalcert.al\/iso9001\/"]}]},{"@type":"ImageObject","inLanguage":"sq","@id":"https:\/\/www.legalcert.al\/iso9001\/#primaryimage","url":"https:\/\/www.legalcert.al\/wp-content\/uploads\/2018\/11\/9001-4.png","contentUrl":"https:\/\/www.legalcert.al\/wp-content\/uploads\/2018\/11\/9001-4.png"},{"@type":"BreadcrumbList","@id":"https:\/\/www.legalcert.al\/iso9001\/#breadcrumb","itemListElement":[{"@type":"ListItem","position":1,"name":"Home","item":"https:\/\/www.legalcert.al\/"},{"@type":"ListItem","position":2,"name":"ISO 9001 QUALITY MANAGEMENT"}]},{"@type":"WebSite","@id":"https:\/\/www.legalcert.al\/#website","url":"https:\/\/www.legalcert.al\/","name":"Legal Cert","description":"Legal Cert","publisher":{"@id":"https:\/\/www.legalcert.al\/#organization"},"potentialAction":[{"@type":"SearchAction","target":{"@type":"EntryPoint","urlTemplate":"https:\/\/www.legalcert.al\/?s={search_term_string}"},"query-input":{"@type":"PropertyValueSpecification","valueRequired":true,"valueName":"search_term_string"}}],"inLanguage":"sq"},{"@type":"Organization","@id":"https:\/\/www.legalcert.al\/#organization","name":"Legal cert","url":"https:\/\/www.legalcert.al\/","logo":{"@type":"ImageObject","inLanguage":"sq","@id":"https:\/\/www.legalcert.al\/#\/schema\/logo\/image\/","url":"https:\/\/www.legalcert.al\/wp-content\/uploads\/2019\/04\/logo.png","contentUrl":"https:\/\/www.legalcert.al\/wp-content\/uploads\/2019\/04\/logo.png","width":151,"height":137,"caption":"Legal cert"},"image":{"@id":"https:\/\/www.legalcert.al\/#\/schema\/logo\/image\/"},"sameAs":["https:\/\/www.linkedin.com\/company\/53124968\/admin\/"]}]}},"_links":{"self":[{"href":"https:\/\/www.legalcert.al\/al\/wp-json\/wp\/v2\/pages\/528","targetHints":{"allow":["GET"]}}],"collection":[{"href":"https:\/\/www.legalcert.al\/al\/wp-json\/wp\/v2\/pages"}],"about":[{"href":"https:\/\/www.legalcert.al\/al\/wp-json\/wp\/v2\/types\/page"}],"author":[{"embeddable":true,"href":"https:\/\/www.legalcert.al\/al\/wp-json\/wp\/v2\/users\/1"}],"replies":[{"embeddable":true,"href":"https:\/\/www.legalcert.al\/al\/wp-json\/wp\/v2\/comments?post=528"}],"version-history":[{"count":97,"href":"https:\/\/www.legalcert.al\/al\/wp-json\/wp\/v2\/pages\/528\/revisions"}],"predecessor-version":[{"id":3798,"href":"https:\/\/www.legalcert.al\/al\/wp-json\/wp\/v2\/pages\/528\/revisions\/3798"}],"wp:attachment":[{"href":"https:\/\/www.legalcert.al\/al\/wp-json\/wp\/v2\/media?parent=528"}],"curies":[{"name":"wp","href":"https:\/\/api.w.org\/{rel}","templated":true}]}}