{"id":544,"date":"2016-07-12T12:35:48","date_gmt":"2016-07-12T12:35:48","guid":{"rendered":"https:\/\/www.legalcert.al\/?page_id=544"},"modified":"2020-05-18T06:57:36","modified_gmt":"2020-05-18T06:57:36","slug":"aboutus","status":"publish","type":"page","link":"https:\/\/www.legalcert.al\/al\/aboutus\/","title":{"rendered":"Rreth nesh"},"content":{"rendered":"<div data-elementor-type=\"wp-page\" data-elementor-id=\"544\" class=\"elementor elementor-544\">\n\t\t\t\t\t\t<section class=\"elementor-section elementor-top-section elementor-element elementor-element-0094ecc elementor-section-boxed elementor-section-height-default elementor-section-height-default\" data-id=\"0094ecc\" data-element_type=\"section\">\n\t\t\t\t\t\t<div class=\"elementor-container elementor-column-gap-default\">\n\t\t\t\t\t<div class=\"elementor-column elementor-col-100 elementor-top-column elementor-element elementor-element-499ac3d\" data-id=\"499ac3d\" data-element_type=\"column\">\n\t\t\t<div class=\"elementor-widget-wrap elementor-element-populated\">\n\t\t\t\t\t\t<div class=\"elementor-element elementor-element-8a095ed elementor-widget elementor-widget-heading\" data-id=\"8a095ed\" data-element_type=\"widget\" data-widget_type=\"heading.default\">\n\t\t\t\t<div class=\"elementor-widget-container\">\n\t\t\t\t\t<h5 class=\"elementor-heading-title elementor-size-default\">LEGAL CERT Ltd&nbsp;<\/h5>\t\t\t\t<\/div>\n\t\t\t\t<\/div>\n\t\t\t\t\t<\/div>\n\t\t<\/div>\n\t\t\t\t\t<\/div>\n\t\t<\/section>\n\t\t\t\t<section class=\"elementor-section elementor-top-section elementor-element elementor-element-41ca1426 elementor-section-boxed elementor-section-height-default elementor-section-height-default\" data-id=\"41ca1426\" data-element_type=\"section\">\n\t\t\t\t\t\t<div class=\"elementor-container elementor-column-gap-default\">\n\t\t\t\t\t<div class=\"elementor-column elementor-col-100 elementor-top-column elementor-element elementor-element-512dff54\" data-id=\"512dff54\" data-element_type=\"column\">\n\t\t\t<div class=\"elementor-widget-wrap elementor-element-populated\">\n\t\t\t\t\t\t<div class=\"elementor-element elementor-element-c8f91c1 elementor-widget elementor-widget-text-editor\" data-id=\"c8f91c1\" data-element_type=\"widget\" data-widget_type=\"text-editor.default\">\n\t\t\t\t<div class=\"elementor-widget-container\">\n\t\t\t\t\t\t\t\t\t<div><span lang=\"en\" style=\"font-size: inherit;\">\u00a0 \u00a0 \u00a0 \u00a0 &#8230;.is a Certification Body,\u00a0 an Italian &#8211; Albanian cooperation and<\/span><span style=\"font-size: inherit;\"> q\u00eb operon ne fushen e certifikimit te sistemeve te menaxhimit ne perputhje me kerkesat e standarteve nderkombetare ISO\/IEC. Ne operojme n\u00eb t\u00eb gjith\u00eb territorin e Shqip\u00ebris\u00eb por jo vetem duke ofruar sherbime certifikimi p\u00ebr bizneset dhe institucionet qeveritare.<\/span><\/div><p class=\"tw-data-text tw-ta tw-text-small\" data-placeholder=\"Translation\" id=\"tw-target-text\" dir=\"ltr\"><span lang=\"en\">Ne kemi kapacitetet dhe kompetencat e nevojshme p\u00ebr t\u00eb mb\u00ebshtetur organizatat ne permbushjen e kerkesave te konformitetit sipas k\u00ebrkesave te Bashkimit Europian. P\u00ebr m\u00eb tep\u00ebr, ne ofrojm\u00eb nj\u00eb kontribut t\u00eb drejtp\u00ebrdrejt\u00eb ndaj sektor\u00ebve n\u00eb t\u00eb cilat veprojm\u00eb n\u00eb zbatimin e plot\u00eb t\u00eb parimeve t\u00eb Paanshm\u00ebris\u00eb dhe Kompetenc\u00ebs. <\/span><\/p><p class=\"tw-data-text tw-ta tw-text-small\" data-placeholder=\"Translation\" dir=\"ltr\"><span lang=\"en\">Legal Cert shpk si Organ Certifikues p\u00ebr Menaxhimin e t\u00eb Dh\u00ebnave dhe Sistemet e Menaxhimit t\u00eb Siguris\u00eb s\u00eb t\u00eb Dh\u00ebnave \u00ebsht\u00eb krijuar nga profesionist\u00eb t\u00eb cil\u00ebt, edhe pse vijn\u00eb nga eksperienca t\u00eb ndryshme profesionale dhe studimore, kan\u00eb m\u00eb shum\u00eb se nj\u00ebzet vjet p\u00ebrvoj\u00eb n\u00eb Menaxhimin e Biznesit t\u00eb Vler\u00ebsimit t\u00eb Sistemit dhe \u00c7ertifikimit n\u00eb p\u00ebrputhje me standardet nd\u00ebrkomb\u00ebtare .<\/span><\/p><p>Jemi i vetmi organizem ne Shqiperi te autorizuar nga zyra <strong>e Komisionerit per Mbrojtjen e te Dhenave Personale<\/strong> ne perputhje me dispozitat e Udhezimit nr.48 date 14.09.2018. Ky autorizim certifikon Sistemin e Menaxhimit te Sigurise se Informacionit, te Dhenave Personale dhe Mbrojtjes se tyre ne perputhje me kerkesat e ligjit nr.9887\/2008, dhe forcon marredhenien e bizneseve me Administraten Publike.<\/p>\t\t\t\t\t\t\t\t<\/div>\n\t\t\t\t<\/div>\n\t\t\t\t\t<\/div>\n\t\t<\/div>\n\t\t\t\t\t<\/div>\n\t\t<\/section>\n\t\t\t\t<\/div>","protected":false},"excerpt":{"rendered":"<p>LEGAL CERT Ltd&nbsp; \u00a0 \u00a0 \u00a0 \u00a0 &#8230;.is a Certification Body,\u00a0 an Italian &#8211; Albanian cooperation and dedicated to providing management system certification services. We operate internationally for industry, commerce and government. We have the necessary capacities and competencies to support organizations operating in the national and international territory for [&hellip;]<\/p>","protected":false},"author":1,"featured_media":0,"parent":0,"menu_order":0,"comment_status":"closed","ping_status":"closed","template":"","meta":{"nf_dc_page":"","_themeisle_gutenberg_block_has_review":false,"footnotes":""},"class_list":["post-544","page","type-page","status-publish","hentry"],"yoast_head":"<!-- This site is optimized with the Yoast SEO plugin v27.2 - https:\/\/yoast.com\/product\/yoast-seo-wordpress\/ -->\n<title>About us - Legal Cert<\/title>\n<meta name=\"robots\" content=\"index, follow, max-snippet:-1, max-image-preview:large, max-video-preview:-1\" \/>\n<link rel=\"canonical\" href=\"https:\/\/www.legalcert.al\/al\/aboutus\/\" \/>\n<meta property=\"og:locale\" content=\"sq_AL\" \/>\n<meta property=\"og:type\" content=\"article\" \/>\n<meta property=\"og:title\" content=\"About us - Legal Cert\" \/>\n<meta property=\"og:description\" content=\"LEGAL CERT Ltd&nbsp; \u00a0 \u00a0 \u00a0 \u00a0 &#8230;.is a Certification Body,\u00a0 an Italian &#8211; Albanian cooperation and dedicated to providing management system certification services. We operate internationally for industry, commerce and government. We have the necessary capacities and competencies to support organizations operating in the national and international territory for [&hellip;]\" \/>\n<meta property=\"og:url\" content=\"https:\/\/www.legalcert.al\/al\/aboutus\/\" \/>\n<meta property=\"og:site_name\" content=\"Legal Cert\" \/>\n<meta property=\"article:modified_time\" content=\"2020-05-18T06:57:36+00:00\" \/>\n<meta name=\"twitter:card\" content=\"summary_large_image\" \/>\n<meta name=\"twitter:label1\" content=\"Est. reading time\" \/>\n\t<meta name=\"twitter:data1\" content=\"1 minut\u00eb\" \/>\n<script type=\"application\/ld+json\" class=\"yoast-schema-graph\">{\"@context\":\"https:\/\/schema.org\",\"@graph\":[{\"@type\":\"WebPage\",\"@id\":\"https:\/\/www.legalcert.al\/aboutus\/\",\"url\":\"https:\/\/www.legalcert.al\/aboutus\/\",\"name\":\"About us - Legal Cert\",\"isPartOf\":{\"@id\":\"https:\/\/www.legalcert.al\/#website\"},\"datePublished\":\"2016-07-12T12:35:48+00:00\",\"dateModified\":\"2020-05-18T06:57:36+00:00\",\"breadcrumb\":{\"@id\":\"https:\/\/www.legalcert.al\/aboutus\/#breadcrumb\"},\"inLanguage\":\"sq\",\"potentialAction\":[{\"@type\":\"ReadAction\",\"target\":[\"https:\/\/www.legalcert.al\/aboutus\/\"]}]},{\"@type\":\"BreadcrumbList\",\"@id\":\"https:\/\/www.legalcert.al\/aboutus\/#breadcrumb\",\"itemListElement\":[{\"@type\":\"ListItem\",\"position\":1,\"name\":\"Home\",\"item\":\"https:\/\/www.legalcert.al\/\"},{\"@type\":\"ListItem\",\"position\":2,\"name\":\"About us\"}]},{\"@type\":\"WebSite\",\"@id\":\"https:\/\/www.legalcert.al\/#website\",\"url\":\"https:\/\/www.legalcert.al\/\",\"name\":\"Legal Cert\",\"description\":\"Legal Cert\",\"publisher\":{\"@id\":\"https:\/\/www.legalcert.al\/#organization\"},\"potentialAction\":[{\"@type\":\"SearchAction\",\"target\":{\"@type\":\"EntryPoint\",\"urlTemplate\":\"https:\/\/www.legalcert.al\/?s={search_term_string}\"},\"query-input\":{\"@type\":\"PropertyValueSpecification\",\"valueRequired\":true,\"valueName\":\"search_term_string\"}}],\"inLanguage\":\"sq\"},{\"@type\":\"Organization\",\"@id\":\"https:\/\/www.legalcert.al\/#organization\",\"name\":\"Legal cert\",\"url\":\"https:\/\/www.legalcert.al\/\",\"logo\":{\"@type\":\"ImageObject\",\"inLanguage\":\"sq\",\"@id\":\"https:\/\/www.legalcert.al\/#\/schema\/logo\/image\/\",\"url\":\"https:\/\/www.legalcert.al\/wp-content\/uploads\/2019\/04\/logo.png\",\"contentUrl\":\"https:\/\/www.legalcert.al\/wp-content\/uploads\/2019\/04\/logo.png\",\"width\":151,\"height\":137,\"caption\":\"Legal cert\"},\"image\":{\"@id\":\"https:\/\/www.legalcert.al\/#\/schema\/logo\/image\/\"},\"sameAs\":[\"https:\/\/www.linkedin.com\/company\/53124968\/admin\/\"]}]}<\/script>\n<!-- \/ Yoast SEO plugin. -->","yoast_head_json":{"title":"About us - Legal Cert","robots":{"index":"index","follow":"follow","max-snippet":"max-snippet:-1","max-image-preview":"max-image-preview:large","max-video-preview":"max-video-preview:-1"},"canonical":"https:\/\/www.legalcert.al\/al\/aboutus\/","og_locale":"sq_AL","og_type":"article","og_title":"About us - Legal Cert","og_description":"LEGAL CERT Ltd&nbsp; \u00a0 \u00a0 \u00a0 \u00a0 &#8230;.is a Certification Body,\u00a0 an Italian &#8211; Albanian cooperation and dedicated to providing management system certification services. We operate internationally for industry, commerce and government. We have the necessary capacities and competencies to support organizations operating in the national and international territory for [&hellip;]","og_url":"https:\/\/www.legalcert.al\/al\/aboutus\/","og_site_name":"Legal Cert","article_modified_time":"2020-05-18T06:57:36+00:00","twitter_card":"summary_large_image","twitter_misc":{"Est. reading time":"1 minut\u00eb"},"schema":{"@context":"https:\/\/schema.org","@graph":[{"@type":"WebPage","@id":"https:\/\/www.legalcert.al\/aboutus\/","url":"https:\/\/www.legalcert.al\/aboutus\/","name":"About us - Legal Cert","isPartOf":{"@id":"https:\/\/www.legalcert.al\/#website"},"datePublished":"2016-07-12T12:35:48+00:00","dateModified":"2020-05-18T06:57:36+00:00","breadcrumb":{"@id":"https:\/\/www.legalcert.al\/aboutus\/#breadcrumb"},"inLanguage":"sq","potentialAction":[{"@type":"ReadAction","target":["https:\/\/www.legalcert.al\/aboutus\/"]}]},{"@type":"BreadcrumbList","@id":"https:\/\/www.legalcert.al\/aboutus\/#breadcrumb","itemListElement":[{"@type":"ListItem","position":1,"name":"Home","item":"https:\/\/www.legalcert.al\/"},{"@type":"ListItem","position":2,"name":"About us"}]},{"@type":"WebSite","@id":"https:\/\/www.legalcert.al\/#website","url":"https:\/\/www.legalcert.al\/","name":"Legal Cert","description":"Legal Cert","publisher":{"@id":"https:\/\/www.legalcert.al\/#organization"},"potentialAction":[{"@type":"SearchAction","target":{"@type":"EntryPoint","urlTemplate":"https:\/\/www.legalcert.al\/?s={search_term_string}"},"query-input":{"@type":"PropertyValueSpecification","valueRequired":true,"valueName":"search_term_string"}}],"inLanguage":"sq"},{"@type":"Organization","@id":"https:\/\/www.legalcert.al\/#organization","name":"Legal cert","url":"https:\/\/www.legalcert.al\/","logo":{"@type":"ImageObject","inLanguage":"sq","@id":"https:\/\/www.legalcert.al\/#\/schema\/logo\/image\/","url":"https:\/\/www.legalcert.al\/wp-content\/uploads\/2019\/04\/logo.png","contentUrl":"https:\/\/www.legalcert.al\/wp-content\/uploads\/2019\/04\/logo.png","width":151,"height":137,"caption":"Legal cert"},"image":{"@id":"https:\/\/www.legalcert.al\/#\/schema\/logo\/image\/"},"sameAs":["https:\/\/www.linkedin.com\/company\/53124968\/admin\/"]}]}},"_links":{"self":[{"href":"https:\/\/www.legalcert.al\/al\/wp-json\/wp\/v2\/pages\/544","targetHints":{"allow":["GET"]}}],"collection":[{"href":"https:\/\/www.legalcert.al\/al\/wp-json\/wp\/v2\/pages"}],"about":[{"href":"https:\/\/www.legalcert.al\/al\/wp-json\/wp\/v2\/types\/page"}],"author":[{"embeddable":true,"href":"https:\/\/www.legalcert.al\/al\/wp-json\/wp\/v2\/users\/1"}],"replies":[{"embeddable":true,"href":"https:\/\/www.legalcert.al\/al\/wp-json\/wp\/v2\/comments?post=544"}],"version-history":[{"count":39,"href":"https:\/\/www.legalcert.al\/al\/wp-json\/wp\/v2\/pages\/544\/revisions"}],"predecessor-version":[{"id":2807,"href":"https:\/\/www.legalcert.al\/al\/wp-json\/wp\/v2\/pages\/544\/revisions\/2807"}],"wp:attachment":[{"href":"https:\/\/www.legalcert.al\/al\/wp-json\/wp\/v2\/media?parent=544"}],"curies":[{"name":"wp","href":"https:\/\/api.w.org\/{rel}","templated":true}]}}